









{"id":476,"date":"2014-04-09T10:47:58","date_gmt":"2014-04-09T09:47:58","guid":{"rendered":"http:\/\/www.immobiliare-neuf.fr\/blog\/?page_id=476"},"modified":"2016-04-08T10:47:36","modified_gmt":"2016-04-08T09:47:36","slug":"quartiers-sud","status":"publish","type":"page","link":"https:\/\/www.immobiliare-neuf.fr\/blog\/quartiers-sud\/","title":{"rendered":"Quartiers Sud-Est"},"content":{"rendered":"<h2><span style=\"color: #ffffff;\">.<\/span><\/h2>\n<h2 id=\"ecxh1guilhemery\" style=\"text-align: center;\"><span style=\"color: #198fe5;\">GUILHEMERY &#8211; COTE PAVEE &#8211; LIMAYRAC<\/span><\/h2>\n<p style=\"text-align: justify;\"><span style=\"font-size: 12pt;\">Ces quartiers sont situ\u00e9s \u00e0 l&rsquo;est de la ville et reli\u00e9s \u00e0 l&rsquo;hyper centre gr\u00e2ce aux ponts\u00a0Montaudran\u00a0et\u00a0Guilhemery tout pr\u00e8s de la Halle aux Grains.\u00a0Ils sont tr\u00e8s faciles d&rsquo;acc\u00e8s gr\u00e2ce aux nombreuses et fr\u00e9quentes lignes de\u00a0bus\u00a0(16, 22, 23, 37, 51,&#8230;)<\/span><\/p>\n<p style=\"text-align: justify;\"><span style=\"font-size: 12pt;\">Choisir un de ces quartiers, c&rsquo;est\u00a0habiter dans un lieu calme et naturel, pr\u00e8s du Parc de la Grande Plaine avec ses espaces de jeux et son parcours de jogging.<\/span><br \/>\n<span style=\"font-size: 12pt;\"> Situ\u00e9s \u00e0 proximit\u00e9 du quartier \u00e9conomique de la Grande Plaine et de la Cit\u00e9 de l&rsquo;espace.<\/span><\/p>\n<p>&nbsp;<\/p>\n<p style=\"text-align: center;\"><a href=\"http:\/\/www.immobiliare-neuf.fr\/blog\/wp-content\/uploads\/2014\/04\/toulouse-cote-pav\u00e9e.jpg\"><img loading=\"lazy\" decoding=\"async\" class=\"size-medium wp-image-749 aligncenter\" src=\"http:\/\/www.immobiliare-neuf.fr\/blog\/wp-content\/uploads\/2014\/04\/toulouse-cote-pav\u00e9e-300x199.jpg\" alt=\"Quartiers Sud-Est Toulouse\" width=\"300\" height=\"199\" srcset=\"https:\/\/www.immobiliare-neuf.fr\/blog\/wp-content\/uploads\/2014\/04\/toulouse-cote-pav\u00e9e-300x199.jpg 300w, https:\/\/www.immobiliare-neuf.fr\/blog\/wp-content\/uploads\/2014\/04\/toulouse-cote-pav\u00e9e-207x136.jpg 207w, https:\/\/www.immobiliare-neuf.fr\/blog\/wp-content\/uploads\/2014\/04\/toulouse-cote-pav\u00e9e-140x94.jpg 140w, https:\/\/www.immobiliare-neuf.fr\/blog\/wp-content\/uploads\/2014\/04\/toulouse-cote-pav\u00e9e.jpg 400w\" sizes=\"(max-width: 300px) 100vw, 300px\" \/><\/a><\/p>\n<p>&nbsp;<\/p>\n<p><span style=\"color: #ffffff;\">.\u00a0<\/span><\/p>\n<h2 id=\"ecxh1demoiselles\" style=\"text-align: center;\"><span style=\"color: #198fe5;\">PONT DES DEMOISELLES &#8211; SAINT EXUPERY &#8211;<\/span><br \/>\n<span style=\"color: #198fe5;\">MONTAUDRAN \/ LA TERRASSE<\/span><\/h2>\n<p style=\"text-align: justify;\"><span style=\"font-size: 12pt;\">Ces quartiers r\u00e9sidentiels, situ\u00e9s au sud-est de la ville, sont bord\u00e9s par le\u00a0Canal du Midi.\u00a0Faciles d&rsquo;acc\u00e8s avec de nombreuses lignes de\u00a0bus\u00a0(10, 22, 23, 37, 51, 78, 80&#8230;) et de grands axes :\u00a0le Boulevard de la M\u00e9diterran\u00e9e, l&rsquo;Avenue Saint Exup\u00e9ry\u00a0&#8230;<\/span><\/p>\n<p style=\"text-align: justify;\"><span style=\"font-size: 12pt;\">Choisir un de ces quartiers, c&rsquo;est\u00a0habiter dans un havre de paix, entour\u00e9 de tr\u00e8s belles maisons bourgeoises, au milieu de magnifiques parcs et jardins. C&rsquo;est aussi b\u00e9n\u00e9ficier de la proximit\u00e9 de la rocade et du p\u00f4le scientifique toulousain.<\/span><\/p>\n<p style=\"text-align: center;\"><a href=\"http:\/\/www.immobiliare-neuf.fr\/blog\/wp-content\/uploads\/2014\/04\/toulouse-quartier-pont-des-demoiselles.jpg\"><img loading=\"lazy\" decoding=\"async\" class=\"aligncenter\" src=\"http:\/\/www.immobiliare-neuf.fr\/blog\/wp-content\/uploads\/2014\/04\/toulouse-quartier-pont-des-demoiselles-300x225.jpg\" alt=\"Quartiers Sud-Est Toulouse\" width=\"300\" height=\"225\" \/><\/a><\/p>\n<p style=\"text-align: center;\"><span style=\"color: #ffffff;\">.<\/span><\/p>\n<p style=\"text-align: center;\"><span style=\"color: #ffffff;\">.<\/span><\/p>\n<h2 id=\"ecxh1saintmichel\" style=\"text-align: center;\"><span style=\"color: #18a8e6;\">SAINT MICHEL &#8211; SAINT AGNE &#8211; RANGUEIL<\/span><\/h2>\n<p style=\"text-align: justify;\"><span style=\"font-size: 12pt;\">Ces quartiers sont situ\u00e9s au sud-est de la ville autour de l&rsquo;ancienne\u00a0Porte Narbonnaise\u00a0et du\u00a0Pont Saint-Michel\u00a0reliant le Grand Rond \u00e0 la Prairie de Filtres.<\/span><\/p>\n<p style=\"text-align: justify;\"><span style=\"font-size: 12pt;\">Faciles d&rsquo;acc\u00e8s avec le\u00a0m\u00e9tro\u00a0ligne B et les stations\u00a0Saint Michel-Marcel Langer, Saouzelong, Rangueil et Saint-Agne correspondance\u00a0SNCF \/ TER\u00a0et le terminus \u00e0 Ramonville Saint-Agne. De plus, d\u00e8s 2012, le prolongement de la ligne B et le plan multimodal des transports, combinant m\u00e9tro, train, bus, navettes, transports \u00e0 la demande et v\u00e9lo vous permettra d&rsquo;acc\u00e9der tr\u00e8s rapidement au\u00a0parc d&rsquo;activit\u00e9s de Lab\u00e8ge-Inopole\u00a0ou celui\u00a0du Canal \u00e0 Ramonville.<\/span><\/p>\n<p style=\"text-align: justify;\"><span style=\"font-size: 12pt;\">Choisir l&rsquo;un de ces quartiers, c&rsquo;est\u00a0habiter dans un lieu plein de vie, \u00e0 proximit\u00e9 de la Prairie des Filtres, du Parc des Expositions (futur parc de nature et de loisirs) et de la Zone Verte de Pech David.<\/span><br \/>\n<span style=\"font-size: 12pt;\"> C&rsquo;est aussi b\u00e9n\u00e9ficier de la proximit\u00e9 imm\u00e9diate du Parc Municipal des Sports sur l&rsquo;\u00eele du Ramier, du Centre des Congr\u00e8s Diagora ou du multiplex Gaumont Lab\u00e8ge.<\/span><\/p>\n<p><a href=\"http:\/\/www.immobiliare-neuf.fr\/blog\/wp-content\/uploads\/2014\/04\/saint-michel-toulouse.jpg\"><img loading=\"lazy\" decoding=\"async\" class=\"aligncenter\" src=\"http:\/\/www.immobiliare-neuf.fr\/blog\/wp-content\/uploads\/2014\/04\/saint-michel-toulouse-225x300.jpg\" alt=\"saint michel toulouse - Quartiers Sud-Ouest Toulouse\" width=\"225\" height=\"300\" \/><\/a><\/p>\n<p style=\"text-align: center;\"><em>La fontaine Ari\u00e8ge et Garonne \u00e0 Saint Michel\u00a0<\/em><\/p>\n<p><em>\u00a0<\/em><\/p>\n<p style=\"text-align: center;\"><span style=\"color: #ffffff;\">.<\/span><\/p>\n<p style=\"text-align: center;\"><span style=\"color: #ffffff;\">.<\/span><\/p>\n<p style=\"text-align: left;\">&#8212;&#8212;&#8212;&#8212;&#8212;&#8212;&#8212;&#8212;&#8212;&#8212;&#8212;&#8211;<br \/>\n<em>Quartiers Sud-Est Toulouse<\/em><\/p>\n","protected":false},"excerpt":{"rendered":"<p>. GUILHEMERY &#8211; COTE PAVEE &#8211; LIMAYRAC Ces quartiers sont situ\u00e9s \u00e0 l&rsquo;est de la ville et reli\u00e9s \u00e0 l&rsquo;hyper centre gr\u00e2ce aux ponts\u00a0Montaudran\u00a0et\u00a0Guilhemery tout pr\u00e8s de la Halle aux Grains.\u00a0Ils sont tr\u00e8s faciles d&rsquo;acc\u00e8s gr\u00e2ce aux nombreuses et fr\u00e9quentes lignes de\u00a0bus\u00a0(16, 22, 23, 37, 51,&#8230;) Choisir un de ces quartiers, c&rsquo;est\u00a0habiter dans un lieu [&hellip;]<\/p>\n","protected":false},"author":2,"featured_media":0,"parent":0,"menu_order":0,"comment_status":"open","ping_status":"open","template":"","meta":{"_bbp_topic_count":0,"_bbp_reply_count":0,"_bbp_total_topic_count":0,"_bbp_total_reply_count":0,"_bbp_voice_count":0,"_bbp_anonymous_reply_count":0,"_bbp_topic_count_hidden":0,"_bbp_reply_count_hidden":0,"_bbp_forum_subforum_count":0,"footnotes":""},"yoast_head":"<!-- This site is optimized with the Yoast SEO plugin v17.7 - https:\/\/yoast.com\/wordpress\/plugins\/seo\/ -->\n<title>Quartiers Sud-Est Toulouse Immo neuf<\/title>\n<meta name=\"description\" content=\"Quartiers Sud-Est Toulouse - D\u00e9couvrez les quartiers de Toulouse C\u00f4te Pav\u00e9e, Limayrac, Pont des Demoiselles, Saint Michel, Rangueil, Saint Agne\" \/>\n<meta name=\"robots\" content=\"index, follow, max-snippet:-1, max-image-preview:large, max-video-preview:-1\" \/>\n<link rel=\"canonical\" href=\"https:\/\/www.immobiliare-neuf.fr\/blog\/quartiers-sud\/\" \/>\n<meta property=\"og:locale\" content=\"fr_FR\" \/>\n<meta property=\"og:type\" content=\"article\" \/>\n<meta property=\"og:title\" content=\"Quartiers Sud-Est Toulouse Immo neuf\" \/>\n<meta property=\"og:description\" content=\"Quartiers Sud-Est Toulouse - D\u00e9couvrez les quartiers de Toulouse C\u00f4te Pav\u00e9e, Limayrac, Pont des Demoiselles, Saint Michel, Rangueil, Saint Agne\" \/>\n<meta property=\"og:url\" content=\"https:\/\/www.immobiliare-neuf.fr\/blog\/quartiers-sud\/\" \/>\n<meta property=\"og:site_name\" content=\"Maisons et appartements neufs |Toulouse Immobilier neuf\" \/>\n<meta property=\"article:publisher\" content=\"https:\/\/www.facebook.com\/pages\/Immobiliare-31\/188363961250077?ref_type=bookmark\" \/>\n<meta property=\"article:modified_time\" content=\"2016-04-08T09:47:36+00:00\" \/>\n<meta property=\"og:image\" content=\"http:\/\/www.immobiliare-neuf.fr\/blog\/wp-content\/uploads\/2014\/04\/toulouse-cote-pav\u00e9e-300x199.jpg\" \/>\n<meta name=\"twitter:label1\" content=\"Dur\u00e9e de lecture estim\u00e9e\" \/>\n\t<meta name=\"twitter:data1\" content=\"2 minutes\" \/>\n<script type=\"application\/ld+json\" class=\"yoast-schema-graph\">{\"@context\":\"https:\/\/schema.org\",\"@graph\":[{\"@type\":\"WebSite\",\"@id\":\"http:\/\/www.immobiliare-neuf.fr\/blog\/#website\",\"url\":\"http:\/\/www.immobiliare-neuf.fr\/blog\/\",\"name\":\"Maisons et appartements neufs |Toulouse Immobilier neuf\",\"description\":\"Toute l&#039;actu de l&#039;immobilier neuf \\u00e0 Toulouse !\",\"potentialAction\":[{\"@type\":\"SearchAction\",\"target\":{\"@type\":\"EntryPoint\",\"urlTemplate\":\"http:\/\/www.immobiliare-neuf.fr\/blog\/?s={search_term_string}\"},\"query-input\":\"required name=search_term_string\"}],\"inLanguage\":\"fr-FR\"},{\"@type\":\"ImageObject\",\"@id\":\"https:\/\/www.immobiliare-neuf.fr\/blog\/quartiers-sud\/#primaryimage\",\"inLanguage\":\"fr-FR\",\"url\":\"http:\/\/www.immobiliare-neuf.fr\/blog\/wp-content\/uploads\/2014\/04\/toulouse-cote-pav\\u00e9e-300x199.jpg\",\"contentUrl\":\"http:\/\/www.immobiliare-neuf.fr\/blog\/wp-content\/uploads\/2014\/04\/toulouse-cote-pav\\u00e9e-300x199.jpg\"},{\"@type\":\"WebPage\",\"@id\":\"https:\/\/www.immobiliare-neuf.fr\/blog\/quartiers-sud\/#webpage\",\"url\":\"https:\/\/www.immobiliare-neuf.fr\/blog\/quartiers-sud\/\",\"name\":\"Quartiers Sud-Est Toulouse Immo neuf\",\"isPartOf\":{\"@id\":\"http:\/\/www.immobiliare-neuf.fr\/blog\/#website\"},\"primaryImageOfPage\":{\"@id\":\"https:\/\/www.immobiliare-neuf.fr\/blog\/quartiers-sud\/#primaryimage\"},\"datePublished\":\"2014-04-09T09:47:58+00:00\",\"dateModified\":\"2016-04-08T09:47:36+00:00\",\"description\":\"Quartiers Sud-Est Toulouse - D\\u00e9couvrez les quartiers de Toulouse C\\u00f4te Pav\\u00e9e, Limayrac, Pont des Demoiselles, Saint Michel, Rangueil, Saint Agne\",\"breadcrumb\":{\"@id\":\"https:\/\/www.immobiliare-neuf.fr\/blog\/quartiers-sud\/#breadcrumb\"},\"inLanguage\":\"fr-FR\",\"potentialAction\":[{\"@type\":\"ReadAction\",\"target\":[\"https:\/\/www.immobiliare-neuf.fr\/blog\/quartiers-sud\/\"]}]},{\"@type\":\"BreadcrumbList\",\"@id\":\"https:\/\/www.immobiliare-neuf.fr\/blog\/quartiers-sud\/#breadcrumb\",\"itemListElement\":[{\"@type\":\"ListItem\",\"position\":1,\"name\":\"Accueil\",\"item\":\"http:\/\/www.immobiliare-neuf.fr\/blog\/\"},{\"@type\":\"ListItem\",\"position\":2,\"name\":\"Quartiers Sud-Est\"}]}]}<\/script>\n<!-- \/ Yoast SEO plugin. -->","yoast_head_json":{"title":"Quartiers Sud-Est Toulouse Immo neuf","description":"Quartiers Sud-Est Toulouse - D\u00e9couvrez les quartiers de Toulouse C\u00f4te Pav\u00e9e, Limayrac, Pont des Demoiselles, Saint Michel, Rangueil, Saint Agne","robots":{"index":"index","follow":"follow","max-snippet":"max-snippet:-1","max-image-preview":"max-image-preview:large","max-video-preview":"max-video-preview:-1"},"canonical":"https:\/\/www.immobiliare-neuf.fr\/blog\/quartiers-sud\/","og_locale":"fr_FR","og_type":"article","og_title":"Quartiers Sud-Est Toulouse Immo neuf","og_description":"Quartiers Sud-Est Toulouse - D\u00e9couvrez les quartiers de Toulouse C\u00f4te Pav\u00e9e, Limayrac, Pont des Demoiselles, Saint Michel, Rangueil, Saint Agne","og_url":"https:\/\/www.immobiliare-neuf.fr\/blog\/quartiers-sud\/","og_site_name":"Maisons et appartements neufs |Toulouse Immobilier neuf","article_publisher":"https:\/\/www.facebook.com\/pages\/Immobiliare-31\/188363961250077?ref_type=bookmark","article_modified_time":"2016-04-08T09:47:36+00:00","og_image":[{"url":"http:\/\/www.immobiliare-neuf.fr\/blog\/wp-content\/uploads\/2014\/04\/toulouse-cote-pav\u00e9e-300x199.jpg"}],"twitter_misc":{"Dur\u00e9e de lecture estim\u00e9e":"2 minutes"},"schema":{"@context":"https:\/\/schema.org","@graph":[{"@type":"WebSite","@id":"http:\/\/www.immobiliare-neuf.fr\/blog\/#website","url":"http:\/\/www.immobiliare-neuf.fr\/blog\/","name":"Maisons et appartements neufs |Toulouse Immobilier neuf","description":"Toute l&#039;actu de l&#039;immobilier neuf \u00e0 Toulouse !","potentialAction":[{"@type":"SearchAction","target":{"@type":"EntryPoint","urlTemplate":"http:\/\/www.immobiliare-neuf.fr\/blog\/?s={search_term_string}"},"query-input":"required name=search_term_string"}],"inLanguage":"fr-FR"},{"@type":"ImageObject","@id":"https:\/\/www.immobiliare-neuf.fr\/blog\/quartiers-sud\/#primaryimage","inLanguage":"fr-FR","url":"http:\/\/www.immobiliare-neuf.fr\/blog\/wp-content\/uploads\/2014\/04\/toulouse-cote-pav\u00e9e-300x199.jpg","contentUrl":"http:\/\/www.immobiliare-neuf.fr\/blog\/wp-content\/uploads\/2014\/04\/toulouse-cote-pav\u00e9e-300x199.jpg"},{"@type":"WebPage","@id":"https:\/\/www.immobiliare-neuf.fr\/blog\/quartiers-sud\/#webpage","url":"https:\/\/www.immobiliare-neuf.fr\/blog\/quartiers-sud\/","name":"Quartiers Sud-Est Toulouse Immo neuf","isPartOf":{"@id":"http:\/\/www.immobiliare-neuf.fr\/blog\/#website"},"primaryImageOfPage":{"@id":"https:\/\/www.immobiliare-neuf.fr\/blog\/quartiers-sud\/#primaryimage"},"datePublished":"2014-04-09T09:47:58+00:00","dateModified":"2016-04-08T09:47:36+00:00","description":"Quartiers Sud-Est Toulouse - D\u00e9couvrez les quartiers de Toulouse C\u00f4te Pav\u00e9e, Limayrac, Pont des Demoiselles, Saint Michel, Rangueil, Saint Agne","breadcrumb":{"@id":"https:\/\/www.immobiliare-neuf.fr\/blog\/quartiers-sud\/#breadcrumb"},"inLanguage":"fr-FR","potentialAction":[{"@type":"ReadAction","target":["https:\/\/www.immobiliare-neuf.fr\/blog\/quartiers-sud\/"]}]},{"@type":"BreadcrumbList","@id":"https:\/\/www.immobiliare-neuf.fr\/blog\/quartiers-sud\/#breadcrumb","itemListElement":[{"@type":"ListItem","position":1,"name":"Accueil","item":"http:\/\/www.immobiliare-neuf.fr\/blog\/"},{"@type":"ListItem","position":2,"name":"Quartiers Sud-Est"}]}]}},"_links":{"self":[{"href":"https:\/\/www.immobiliare-neuf.fr\/blog\/wp-json\/wp\/v2\/pages\/476"}],"collection":[{"href":"https:\/\/www.immobiliare-neuf.fr\/blog\/wp-json\/wp\/v2\/pages"}],"about":[{"href":"https:\/\/www.immobiliare-neuf.fr\/blog\/wp-json\/wp\/v2\/types\/page"}],"author":[{"embeddable":true,"href":"https:\/\/www.immobiliare-neuf.fr\/blog\/wp-json\/wp\/v2\/users\/2"}],"replies":[{"embeddable":true,"href":"https:\/\/www.immobiliare-neuf.fr\/blog\/wp-json\/wp\/v2\/comments?post=476"}],"version-history":[{"count":1,"href":"https:\/\/www.immobiliare-neuf.fr\/blog\/wp-json\/wp\/v2\/pages\/476\/revisions"}],"predecessor-version":[{"id":2791,"href":"https:\/\/www.immobiliare-neuf.fr\/blog\/wp-json\/wp\/v2\/pages\/476\/revisions\/2791"}],"wp:attachment":[{"href":"https:\/\/www.immobiliare-neuf.fr\/blog\/wp-json\/wp\/v2\/media?parent=476"}],"curies":[{"name":"wp","href":"https:\/\/api.w.org\/{rel}","templated":true}]}}