









{"id":474,"date":"2014-04-09T10:47:42","date_gmt":"2014-04-09T09:47:42","guid":{"rendered":"http:\/\/www.immobiliare-neuf.fr\/blog\/?page_id=474"},"modified":"2016-04-08T10:46:19","modified_gmt":"2016-04-08T09:46:19","slug":"quartiers-sud-ouest","status":"publish","type":"page","link":"https:\/\/www.immobiliare-neuf.fr\/blog\/quartiers-sud-ouest\/","title":{"rendered":"Quartiers Sud-Ouest"},"content":{"rendered":"<h2 style=\"text-align: center;\"><\/h2>\n<h1><span style=\"color: #ffffff;\">.<\/span><\/h1>\n<h2 style=\"text-align: center;\"><span style=\"color: #21a9dd;\">SAINT CYPRIEN &#8211; CASSELARDIT &#8211; PURPAN<\/span><\/h2>\n<p style=\"text-align: justify;\"><span style=\"font-size: 12pt;\">Ces quartiers situ\u00e9s \u00e0 l&rsquo;ouest de la ville sur la\u00a0rive gauche de la Garonne\u00a0sont reli\u00e9s \u00e0 l&rsquo;hyper centre gr\u00e2ce au\u00a0Pont Neuf.<\/span><\/p>\n<p style=\"text-align: justify;\"><span style=\"font-size: 12pt;\">Faciles d&rsquo;acc\u00e8s avec le\u00a0m\u00e9tro\u00a0ligne A et les stations\u00a0Saint Cyprien-R\u00e9publique, Patte d&rsquo;Oie ou Ar\u00e8nes\u00a0correspondance du\u00a0tramway\u00a0vers l&rsquo;A\u00e9roconstellation en passant par le Z\u00e9nith, l&rsquo;h\u00f4pital de Purpan et la patinoire de Blagnac.<\/span><\/p>\n<p style=\"text-align: justify;\"><span style=\"font-size: 12pt;\">Choisir l&rsquo;un de ces quartiers, c&rsquo;est\u00a0habiter dans un lieu plein de vie, \u00e0 proximit\u00e9 de la Prairie des Filtres, de la rue de la R\u00e9publique;<\/span><br \/>\n<span style=\"font-size: 12pt;\"> et c&rsquo;est aussi b\u00e9n\u00e9ficier du privil\u00e8ge de faire son march\u00e9 tous les matins sous la\u00a0halle d&rsquo;\u00e9poque du march\u00e9 couvert de Saint-Cyprien.<\/span><\/p>\n<h2 style=\"text-align: center;\"><a href=\"http:\/\/www.immobiliare-neuf.fr\/blog\/wp-content\/uploads\/2014\/04\/St-Cyprien-toulouse.jpg\"><img loading=\"lazy\" decoding=\"async\" class=\"alignnone size-medium wp-image-746\" src=\"http:\/\/www.immobiliare-neuf.fr\/blog\/wp-content\/uploads\/2014\/04\/St-Cyprien-toulouse-300x198.jpg\" alt=\"St Cyprien Quartiers Sud-Ouest Toulouse\" width=\"300\" height=\"198\" srcset=\"https:\/\/www.immobiliare-neuf.fr\/blog\/wp-content\/uploads\/2014\/04\/St-Cyprien-toulouse-300x198.jpg 300w, https:\/\/www.immobiliare-neuf.fr\/blog\/wp-content\/uploads\/2014\/04\/St-Cyprien-toulouse-207x136.jpg 207w, https:\/\/www.immobiliare-neuf.fr\/blog\/wp-content\/uploads\/2014\/04\/St-Cyprien-toulouse.jpg 400w\" sizes=\"(max-width: 300px) 100vw, 300px\" \/><\/a><\/h2>\n<p style=\"text-align: center;\"><a href=\"http:\/\/www.immobiliare-neuf.fr\/blog\/wp-content\/uploads\/2014\/04\/prairie-des-filtre-stoulouse.jpg\"><img loading=\"lazy\" decoding=\"async\" class=\"aligncenter\" src=\"http:\/\/www.immobiliare-neuf.fr\/blog\/wp-content\/uploads\/2014\/04\/prairie-des-filtre-stoulouse.jpg\" alt=\"prairie des filtre stoulouse - Quartiers Sud-Ouest Toulouse\" width=\"266\" height=\"189\" \/><\/a><\/p>\n<p style=\"text-align: center;\"><span style=\"color: #999999;\"><em>La prairie des filtres Toulouse<\/em><\/span><\/p>\n<h2 style=\"text-align: center;\"><span style=\"color: #ffffff;\">.<\/span><\/h2>\n<h2 style=\"text-align: center;\"><span style=\"color: #21a1dd;\">ARENES &#8211; PRADETTES\/LARDENNE &#8211;<br \/>\nSAINT SIMON<\/span><\/h2>\n<p style=\"text-align: justify;\"><span style=\"font-size: 12pt;\">Ces quartiers en plein d\u00e9veloppement sont situ\u00e9s au sud-ouest de la ville tout pr\u00e8s du\u00a0p\u00f4le a\u00e9ronautique\u00a0et des\u00a0centres d&rsquo;affaires r\u00e9unissant notamment\u00a0M\u00e9t\u00e9o France, Motorola, France 3 et la D\u00e9p\u00eache du Midi\u00a0.\u00a0A 15 minutes du Capitole avec le\u00a0m\u00e9tro\u00a0ligne A et les stations\u00a0Fontaine Lestang, Mermoz ou Ar\u00e8nes\u00a0correspondance du\u00a0tramway\u00a0vers l&rsquo;A\u00e9roconstellation en passant par le Z\u00e9nith, l&rsquo;h\u00f4pital de Purpan et la patinoire de Blagnac.<\/span><\/p>\n<p style=\"text-align: justify;\"><span style=\"font-size: 12pt;\">Choisir l&rsquo;un de ces quartiers, c&rsquo;est\u00a0habiter dans un lieu plein de vie, \u00e0 proximit\u00e9 du Parc des Pradettes, du Parc de la Moun\u00e8de.<\/span><br \/>\n<span style=\"font-size: 12pt;\"> C&rsquo;est aussi b\u00e9n\u00e9ficier de la proximit\u00e9 de la base de loisirs de\u00a0La Ram\u00e9e\u00a0avec ses lacs et son golf public.<\/span><\/p>\n<p style=\"text-align: center;\"><a href=\"http:\/\/www.immobiliare-neuf.fr\/blog\/wp-content\/uploads\/2014\/04\/saint-simon-toulouse.jpg\"><img loading=\"lazy\" decoding=\"async\" class=\"size-medium wp-image-738 aligncenter\" src=\"http:\/\/www.immobiliare-neuf.fr\/blog\/wp-content\/uploads\/2014\/04\/saint-simon-toulouse-300x168.jpg\" alt=\"saint simon toulouse - Quartiers Sud-Ouest Toulouse\" width=\"300\" height=\"168\" srcset=\"https:\/\/www.immobiliare-neuf.fr\/blog\/wp-content\/uploads\/2014\/04\/saint-simon-toulouse-300x168.jpg 300w, https:\/\/www.immobiliare-neuf.fr\/blog\/wp-content\/uploads\/2014\/04\/saint-simon-toulouse.jpg 800w\" sizes=\"(max-width: 300px) 100vw, 300px\" \/><\/a><em><span style=\"color: #999999;\">L&rsquo;\u00e9glise Saint-Simon<\/span><\/em><\/p>\n<div>\n<p><span style=\"color: #ffffff;\">\u00a0.<\/span><\/p>\n<p style=\"text-align: center;\"><span style=\"font-size: 12pt;\">\u00a0<strong>&gt; Consultez notre s\u00e9lection d&rsquo;<a href=\"http:\/\/www.immobiliare-neuf.fr\/sl-toulouse-ouest\" target=\"_blank\">appartements neufs dans le secteur de Toulouse Ouest <\/a>&lt;\u00a0<\/strong><\/span><\/p>\n<p><span style=\"color: #ffffff;\">.<\/span><\/p>\n<p>&#8212;&#8212;&#8212;&#8212;&#8212;&#8212;&#8212;&#8212;&#8212;&#8212;&#8212;&#8212;&#8212;&#8212;&#8212;&#8211;<br \/>\n<em>Quartiers sud-ouest Toulouse\u00a0<\/em><\/p>\n<\/div>\n<p>&nbsp;<\/p>\n","protected":false},"excerpt":{"rendered":"<p>. SAINT CYPRIEN &#8211; CASSELARDIT &#8211; PURPAN Ces quartiers situ\u00e9s \u00e0 l&rsquo;ouest de la ville sur la\u00a0rive gauche de la Garonne\u00a0sont reli\u00e9s \u00e0 l&rsquo;hyper centre gr\u00e2ce au\u00a0Pont Neuf. Faciles d&rsquo;acc\u00e8s avec le\u00a0m\u00e9tro\u00a0ligne A et les stations\u00a0Saint Cyprien-R\u00e9publique, Patte d&rsquo;Oie ou Ar\u00e8nes\u00a0correspondance du\u00a0tramway\u00a0vers l&rsquo;A\u00e9roconstellation en passant par le Z\u00e9nith, l&rsquo;h\u00f4pital de Purpan et la patinoire de [&hellip;]<\/p>\n","protected":false},"author":2,"featured_media":0,"parent":0,"menu_order":0,"comment_status":"open","ping_status":"open","template":"","meta":{"_bbp_topic_count":0,"_bbp_reply_count":0,"_bbp_total_topic_count":0,"_bbp_total_reply_count":0,"_bbp_voice_count":0,"_bbp_anonymous_reply_count":0,"_bbp_topic_count_hidden":0,"_bbp_reply_count_hidden":0,"_bbp_forum_subforum_count":0,"footnotes":""},"yoast_head":"<!-- This site is optimized with the Yoast SEO plugin v17.7 - https:\/\/yoast.com\/wordpress\/plugins\/seo\/ -->\n<title>Quartiers Sud-Ouest Toulouse Immo neuf<\/title>\n<meta name=\"description\" content=\"Quartiers Sud-Ouest Toulouse - D\u00e9couvrez les quartiers Saint Cyprien - Casselardit- Purpan - Arenes - Lardenne - Saint Simon\" \/>\n<meta name=\"robots\" content=\"index, follow, max-snippet:-1, max-image-preview:large, max-video-preview:-1\" \/>\n<link rel=\"canonical\" href=\"http:\/\/www.immobiliare-neuf.fr\/blog\/quartiers-sud-ouest\/\" \/>\n<meta property=\"og:locale\" content=\"fr_FR\" \/>\n<meta property=\"og:type\" content=\"article\" \/>\n<meta property=\"og:title\" content=\"Quartiers Sud-Ouest Toulouse Immo neuf\" \/>\n<meta property=\"og:description\" content=\"Quartiers Sud-Ouest Toulouse - D\u00e9couvrez les quartiers Saint Cyprien - Casselardit- Purpan - Arenes - Lardenne - Saint Simon\" \/>\n<meta property=\"og:url\" content=\"http:\/\/www.immobiliare-neuf.fr\/blog\/quartiers-sud-ouest\/\" \/>\n<meta property=\"og:site_name\" content=\"Maisons et appartements neufs |Toulouse Immobilier neuf\" \/>\n<meta property=\"article:publisher\" content=\"https:\/\/www.facebook.com\/pages\/Immobiliare-31\/188363961250077?ref_type=bookmark\" \/>\n<meta property=\"article:modified_time\" content=\"2016-04-08T09:46:19+00:00\" \/>\n<meta property=\"og:image\" content=\"http:\/\/www.immobiliare-neuf.fr\/blog\/wp-content\/uploads\/2014\/04\/St-Cyprien-toulouse-300x198.jpg\" \/>\n<meta name=\"twitter:label1\" content=\"Dur\u00e9e de lecture estim\u00e9e\" \/>\n\t<meta name=\"twitter:data1\" content=\"1 minute\" \/>\n<script type=\"application\/ld+json\" class=\"yoast-schema-graph\">{\"@context\":\"https:\/\/schema.org\",\"@graph\":[{\"@type\":\"WebSite\",\"@id\":\"https:\/\/www.immobiliare-neuf.fr\/blog\/#website\",\"url\":\"https:\/\/www.immobiliare-neuf.fr\/blog\/\",\"name\":\"Maisons et appartements neufs |Toulouse Immobilier neuf\",\"description\":\"Toute l&#039;actu de l&#039;immobilier neuf \\u00e0 Toulouse !\",\"potentialAction\":[{\"@type\":\"SearchAction\",\"target\":{\"@type\":\"EntryPoint\",\"urlTemplate\":\"https:\/\/www.immobiliare-neuf.fr\/blog\/?s={search_term_string}\"},\"query-input\":\"required name=search_term_string\"}],\"inLanguage\":\"fr-FR\"},{\"@type\":\"ImageObject\",\"@id\":\"http:\/\/www.immobiliare-neuf.fr\/blog\/quartiers-sud-ouest\/#primaryimage\",\"inLanguage\":\"fr-FR\",\"url\":\"http:\/\/www.immobiliare-neuf.fr\/blog\/wp-content\/uploads\/2014\/04\/St-Cyprien-toulouse-300x198.jpg\",\"contentUrl\":\"http:\/\/www.immobiliare-neuf.fr\/blog\/wp-content\/uploads\/2014\/04\/St-Cyprien-toulouse-300x198.jpg\"},{\"@type\":\"WebPage\",\"@id\":\"http:\/\/www.immobiliare-neuf.fr\/blog\/quartiers-sud-ouest\/#webpage\",\"url\":\"http:\/\/www.immobiliare-neuf.fr\/blog\/quartiers-sud-ouest\/\",\"name\":\"Quartiers Sud-Ouest Toulouse Immo neuf\",\"isPartOf\":{\"@id\":\"https:\/\/www.immobiliare-neuf.fr\/blog\/#website\"},\"primaryImageOfPage\":{\"@id\":\"http:\/\/www.immobiliare-neuf.fr\/blog\/quartiers-sud-ouest\/#primaryimage\"},\"datePublished\":\"2014-04-09T09:47:42+00:00\",\"dateModified\":\"2016-04-08T09:46:19+00:00\",\"description\":\"Quartiers Sud-Ouest Toulouse - D\\u00e9couvrez les quartiers Saint Cyprien - Casselardit- Purpan - Arenes - Lardenne - Saint Simon\",\"breadcrumb\":{\"@id\":\"http:\/\/www.immobiliare-neuf.fr\/blog\/quartiers-sud-ouest\/#breadcrumb\"},\"inLanguage\":\"fr-FR\",\"potentialAction\":[{\"@type\":\"ReadAction\",\"target\":[\"http:\/\/www.immobiliare-neuf.fr\/blog\/quartiers-sud-ouest\/\"]}]},{\"@type\":\"BreadcrumbList\",\"@id\":\"http:\/\/www.immobiliare-neuf.fr\/blog\/quartiers-sud-ouest\/#breadcrumb\",\"itemListElement\":[{\"@type\":\"ListItem\",\"position\":1,\"name\":\"Accueil\",\"item\":\"https:\/\/www.immobiliare-neuf.fr\/blog\/\"},{\"@type\":\"ListItem\",\"position\":2,\"name\":\"Quartiers Sud-Ouest\"}]}]}<\/script>\n<!-- \/ Yoast SEO plugin. -->","yoast_head_json":{"title":"Quartiers Sud-Ouest Toulouse Immo neuf","description":"Quartiers Sud-Ouest Toulouse - D\u00e9couvrez les quartiers Saint Cyprien - Casselardit- Purpan - Arenes - Lardenne - Saint Simon","robots":{"index":"index","follow":"follow","max-snippet":"max-snippet:-1","max-image-preview":"max-image-preview:large","max-video-preview":"max-video-preview:-1"},"canonical":"http:\/\/www.immobiliare-neuf.fr\/blog\/quartiers-sud-ouest\/","og_locale":"fr_FR","og_type":"article","og_title":"Quartiers Sud-Ouest Toulouse Immo neuf","og_description":"Quartiers Sud-Ouest Toulouse - D\u00e9couvrez les quartiers Saint Cyprien - Casselardit- Purpan - Arenes - Lardenne - Saint Simon","og_url":"http:\/\/www.immobiliare-neuf.fr\/blog\/quartiers-sud-ouest\/","og_site_name":"Maisons et appartements neufs |Toulouse Immobilier neuf","article_publisher":"https:\/\/www.facebook.com\/pages\/Immobiliare-31\/188363961250077?ref_type=bookmark","article_modified_time":"2016-04-08T09:46:19+00:00","og_image":[{"url":"http:\/\/www.immobiliare-neuf.fr\/blog\/wp-content\/uploads\/2014\/04\/St-Cyprien-toulouse-300x198.jpg"}],"twitter_misc":{"Dur\u00e9e de lecture estim\u00e9e":"1 minute"},"schema":{"@context":"https:\/\/schema.org","@graph":[{"@type":"WebSite","@id":"https:\/\/www.immobiliare-neuf.fr\/blog\/#website","url":"https:\/\/www.immobiliare-neuf.fr\/blog\/","name":"Maisons et appartements neufs |Toulouse Immobilier neuf","description":"Toute l&#039;actu de l&#039;immobilier neuf \u00e0 Toulouse !","potentialAction":[{"@type":"SearchAction","target":{"@type":"EntryPoint","urlTemplate":"https:\/\/www.immobiliare-neuf.fr\/blog\/?s={search_term_string}"},"query-input":"required name=search_term_string"}],"inLanguage":"fr-FR"},{"@type":"ImageObject","@id":"http:\/\/www.immobiliare-neuf.fr\/blog\/quartiers-sud-ouest\/#primaryimage","inLanguage":"fr-FR","url":"http:\/\/www.immobiliare-neuf.fr\/blog\/wp-content\/uploads\/2014\/04\/St-Cyprien-toulouse-300x198.jpg","contentUrl":"http:\/\/www.immobiliare-neuf.fr\/blog\/wp-content\/uploads\/2014\/04\/St-Cyprien-toulouse-300x198.jpg"},{"@type":"WebPage","@id":"http:\/\/www.immobiliare-neuf.fr\/blog\/quartiers-sud-ouest\/#webpage","url":"http:\/\/www.immobiliare-neuf.fr\/blog\/quartiers-sud-ouest\/","name":"Quartiers Sud-Ouest Toulouse Immo neuf","isPartOf":{"@id":"https:\/\/www.immobiliare-neuf.fr\/blog\/#website"},"primaryImageOfPage":{"@id":"http:\/\/www.immobiliare-neuf.fr\/blog\/quartiers-sud-ouest\/#primaryimage"},"datePublished":"2014-04-09T09:47:42+00:00","dateModified":"2016-04-08T09:46:19+00:00","description":"Quartiers Sud-Ouest Toulouse - D\u00e9couvrez les quartiers Saint Cyprien - Casselardit- Purpan - Arenes - Lardenne - Saint Simon","breadcrumb":{"@id":"http:\/\/www.immobiliare-neuf.fr\/blog\/quartiers-sud-ouest\/#breadcrumb"},"inLanguage":"fr-FR","potentialAction":[{"@type":"ReadAction","target":["http:\/\/www.immobiliare-neuf.fr\/blog\/quartiers-sud-ouest\/"]}]},{"@type":"BreadcrumbList","@id":"http:\/\/www.immobiliare-neuf.fr\/blog\/quartiers-sud-ouest\/#breadcrumb","itemListElement":[{"@type":"ListItem","position":1,"name":"Accueil","item":"https:\/\/www.immobiliare-neuf.fr\/blog\/"},{"@type":"ListItem","position":2,"name":"Quartiers Sud-Ouest"}]}]}},"_links":{"self":[{"href":"https:\/\/www.immobiliare-neuf.fr\/blog\/wp-json\/wp\/v2\/pages\/474"}],"collection":[{"href":"https:\/\/www.immobiliare-neuf.fr\/blog\/wp-json\/wp\/v2\/pages"}],"about":[{"href":"https:\/\/www.immobiliare-neuf.fr\/blog\/wp-json\/wp\/v2\/types\/page"}],"author":[{"embeddable":true,"href":"https:\/\/www.immobiliare-neuf.fr\/blog\/wp-json\/wp\/v2\/users\/2"}],"replies":[{"embeddable":true,"href":"https:\/\/www.immobiliare-neuf.fr\/blog\/wp-json\/wp\/v2\/comments?post=474"}],"version-history":[{"count":3,"href":"https:\/\/www.immobiliare-neuf.fr\/blog\/wp-json\/wp\/v2\/pages\/474\/revisions"}],"predecessor-version":[{"id":2790,"href":"https:\/\/www.immobiliare-neuf.fr\/blog\/wp-json\/wp\/v2\/pages\/474\/revisions\/2790"}],"wp:attachment":[{"href":"https:\/\/www.immobiliare-neuf.fr\/blog\/wp-json\/wp\/v2\/media?parent=474"}],"curies":[{"name":"wp","href":"https:\/\/api.w.org\/{rel}","templated":true}]}}