









{"id":144,"date":"2014-04-02T15:36:57","date_gmt":"2014-04-02T14:36:57","guid":{"rendered":"http:\/\/www.immobiliare-neuf.fr\/blog\/?page_id=144"},"modified":"2015-06-19T09:30:02","modified_gmt":"2015-06-19T08:30:02","slug":"investir","status":"publish","type":"page","link":"https:\/\/www.immobiliare-neuf.fr\/blog\/reussir-projet-immobilier\/investir\/","title":{"rendered":"Investir en loi Pinel \u00e0 Toulouse"},"content":{"rendered":"<p style=\"text-align: justify;\"><span style=\"color: #ffffff;\">.<\/span><span style=\"color: #333333; font-size: 12pt;\">Investir en loi Pinel\u00a0c&rsquo;est rentabiliser son \u00e9pargne de mani\u00e8re s\u00e9curis\u00e9e en b\u00e9n\u00e9ficiant d&rsquo;une r\u00e9duction d\u2019imp\u00f4t allant jusqu\u2019\u00e0 63 000 \u20ac sur 6, 9, ou 12 ans. C&rsquo;est aussi p\u00e9renniser son patrimoine puisqu\u2019il s\u2019agit d&rsquo;investir dans un logement neuf construit aux normes en vigueur.<\/span><\/p>\n<p style=\"text-align: justify;\"><span style=\"color: #333333;\"><iframe loading=\"lazy\" src=\"\/\/www.youtube.com\/embed\/MrkUzOUvK8Q?feature=player_embedded\" width=\"640\" height=\"360\" frameborder=\"0\" allowfullscreen=\"allowfullscreen\"><\/iframe><\/span><\/p>\n<p style=\"text-align: justify;\"><span style=\"color: #ffffff;\">.<\/span><\/p>\n<h3 style=\"text-align: justify;\" align=\"justify\"><span style=\"color: #333333;\">1. D\u00e9finissez votre projet d&rsquo;investissement<br \/>\n<\/span><\/h3>\n<div style=\"text-align: justify;\" align=\"justify\"><span style=\"color: #ffffff;\">.<\/span><\/div>\n<div style=\"text-align: justify;\" align=\"justify\"><span style=\"color: #333333; font-size: 12pt;\">D\u00e9sirez-vous construire un compl\u00e9ment de retraite ?\u00a0<\/span><br \/>\n<span style=\"color: #333333; font-size: 12pt;\"> Ou d\u00e9sirez vous r\u00e9aliser une plus-value \u00e0 long terme ?<\/span><\/div>\n<div style=\"text-align: justify;\" align=\"justify\"><span style=\"color: #333333; font-size: 12pt;\">Petite astuce Immobiliare : pour calculer votre budget d\u2019acquisition afin de mettre \u00e0 z\u00e9ro votre imp\u00f4t pendant 9 ans ; multiplier celui-ci par 50.<\/span><\/div>\n<div style=\"text-align: justify;\" align=\"justify\"><span style=\"color: #ffffff;\">.<\/span><br \/>\n<span style=\"color: #ffffff;\">.<\/span><\/div>\n<h3 style=\"text-align: justify;\" align=\"justify\"><span style=\"color: #333333;\">2. Choisissez l&#8217;emplacement de votre bien immobilier neuf<br \/>\n<\/span><\/h3>\n<div style=\"text-align: justify;\" align=\"justify\"><span style=\"color: #ffffff;\">.<\/span><\/div>\n<div style=\"text-align: justify;\" align=\"justify\"><span style=\"color: #333333; font-size: 12pt;\">Tout d&rsquo;abord, assurez vous de b\u00e9n\u00e9ficier des attraits du march\u00e9 locatif dynamique d&rsquo;une grande agglom\u00e9ration telle que\u00a0Toulouse, 4\u00e8me ville de France. Ses p\u00f4les de comp\u00e9titivit\u00e9 (a\u00e9ronautique, spatial&#8230;), de recherche, ses universit\u00e9s (89 000 \u00e9tudiants), ses grands projets (Montaudran A\u00e9rospace, parc des Expositions, quai des Savoirs, Oncopole, \u00e9coquartiers, future ligne de tram Envol&#8230;), lui permettent d&rsquo;attirer pr\u00e8s de 20 000 habitants extra-locaux chaque ann\u00e9e, dont 14 000 rien que pour Toulouse intra-muros.\u00a0<\/span><\/div>\n<div style=\"text-align: justify;\" align=\"justify\"><span style=\"font-size: 12pt;\">\u00a0<\/span><\/div>\n<div style=\"text-align: justify;\" align=\"justify\"><span style=\"color: #333333; font-size: 12pt;\">Et r\u00e9fl\u00e9chissez soigneusement \u00e0 l&#8217;emplacement exact et au quartier de votre future acquisition : est-elle \u00e0 proximit\u00e9 des transports (M\u00e9tro, Tramway,\u2026), des commerces, des \u00e9coles, d\u2019espaces verts,&#8230; ? <\/span><br \/>\n<span style=\"color: #333333; font-size: 12pt;\"> Si un emplacement strat\u00e9gique constitue l&rsquo;une des garanties de louer votre logement, certaines caract\u00e9ristiques \u00e9liminatoires p\u00e9naliseront la recherche de locataires&#8230; \u00a0<\/span><\/div>\n<div style=\"text-align: justify;\" align=\"justify\"><span style=\"color: #ffffff;\">.<\/span><\/div>\n<div style=\"text-align: justify;\" align=\"justify\"><span style=\"color: #ffffff;\">.<\/span><\/div>\n<div style=\"text-align: justify;\" align=\"justify\">\n<h3 align=\"justify\"><span style=\"color: #333333;\">3. Prot\u00e9gez votre capital<br \/>\n<\/span><\/h3>\n<div align=\"justify\"><span style=\"color: #ffffff;\">.<\/span><\/div>\n<div align=\"justify\"><span style=\"font-size: 12pt;\">Le choix de l&rsquo;immobilier est primordial, et constitue ind\u00e9niablement la pierre angulaire d&rsquo;un investissement Pinel\u00a0r\u00e9ussi.<\/span><\/div>\n<div align=\"justify\"><span style=\"color: #333333; font-size: 12pt;\">Orientez vous vers un bien immobilier neuf r\u00e9alis\u00e9 par un promoteur reconnu, capable de pr\u00e9senter de bonnes r\u00e9f\u00e9rences et \u00e0 bon prix.<\/span><\/div>\n<div align=\"justify\"><span style=\"color: #ffffff;\">.<\/span><br \/>\n<span style=\"color: #ffffff;\">.<\/span><\/div>\n<h3 align=\"justify\"><span style=\"color: #333333;\">4. Faites appel \u00e0 un sp\u00e9cialiste de l&rsquo;immobilier neuf<br \/>\n<\/span><\/h3>\n<div align=\"justify\"><span style=\"color: #ffffff;\">.<\/span><\/div>\n<div align=\"justify\"><span style=\"font-size: 12pt;\">Une vision uniquement fiscale et financi\u00e8re n&rsquo;est pas suffisante. Faire appel \u00e0 une vision \u00ab\u00a0pierre\u00a0\u00bb est indispensable \u00e0 la s\u00e9lection du bien immobilier id\u00e9al. (emplacements, \u00e9volution des prix du quartier, normes,&#8230;).<\/span><\/div>\n<div align=\"justify\"><span style=\"font-size: 12pt;\">Enfin, faites g\u00e9rer votre patrimoine immobilier par un cabinet de gestion locative qui vous garantira la bonne s\u00e9lection de locataires.<\/span><\/div>\n<div align=\"justify\"><span style=\"color: #ffffff;\">.<\/span><\/div>\n<div align=\"justify\"><span style=\"color: #ffffff;\">.<\/span><br \/>\n<span style=\"color: #ffffff;\">.<\/span><\/div>\n<h3 align=\"justify\">&#8212;&#8212;&#8212;&#8212;&#8212;&#8212;&#8212;&#8212;&#8212;&#8212;&#8212;&#8211;<\/h3>\n<p dir=\"ltr\" style=\"color: #373737;\"><em>Ce\u00a0dispositif\u00a0fiscal\u00a0d\u00e9di\u00e9 \u00e0 l\u2019investissement immobilier\u00a0dans le logement locatif\u00a0neuf est en\u00a0vigueur depuis 2014. Son but ? Pallier \u00e0 la crise du logement et relancer\u00a0l\u2019investissement.<\/em><\/p>\n<p dir=\"ltr\" style=\"color: #373737;\"><em>Dans le cadre de la loi Pinel, l\u2019investisseur fait l\u2019acquisition d\u2019un logement neuf qu&rsquo;il loue\u00a0durant 6 ans, 9 ans ou 12 ans au choix, et b\u00e9n\u00e9ficie d\u2019une\u00a0r\u00e9duction fiscale allant jusqu&rsquo;\u00e0 21%\u00a0du montant de son investissement immobilier Pinel\u00a0en contrepartie.<\/em><\/p>\n<\/div>\n","protected":false},"excerpt":{"rendered":"<p>.Investir en loi Pinel\u00a0c&rsquo;est rentabiliser son \u00e9pargne de mani\u00e8re s\u00e9curis\u00e9e en b\u00e9n\u00e9ficiant d&rsquo;une r\u00e9duction d\u2019imp\u00f4t allant jusqu\u2019\u00e0 63 000 \u20ac sur 6, 9, ou 12 ans. C&rsquo;est aussi p\u00e9renniser son patrimoine puisqu\u2019il s\u2019agit d&rsquo;investir dans un logement neuf construit aux normes en vigueur. . 1. D\u00e9finissez votre projet d&rsquo;investissement . D\u00e9sirez-vous construire un compl\u00e9ment de [&hellip;]<\/p>\n","protected":false},"author":2,"featured_media":0,"parent":124,"menu_order":0,"comment_status":"open","ping_status":"open","template":"","meta":{"_bbp_topic_count":0,"_bbp_reply_count":0,"_bbp_total_topic_count":0,"_bbp_total_reply_count":0,"_bbp_voice_count":0,"_bbp_anonymous_reply_count":0,"_bbp_topic_count_hidden":0,"_bbp_reply_count_hidden":0,"_bbp_forum_subforum_count":0,"footnotes":""},"yoast_head":"<!-- This site is optimized with the Yoast SEO plugin v17.7 - https:\/\/yoast.com\/wordpress\/plugins\/seo\/ -->\n<title>Conseils pour investir dans l&#039;immobilier neuf- Toulouse Immo neuf<\/title>\n<meta name=\"description\" content=\"Investir en loi DUFLOT c&#039;est rentabiliser son \u00e9pargne de mani\u00e8re s\u00e9curis\u00e9e en b\u00e9n\u00e9ficiant d&#039;une r\u00e9duction d\u2019imp\u00f4t allant jusqu\u2019\u00e0 54 000 \u20ac sur 9 ans\" \/>\n<meta name=\"robots\" content=\"index, follow, max-snippet:-1, max-image-preview:large, max-video-preview:-1\" \/>\n<link rel=\"canonical\" href=\"http:\/\/www.immobiliare-neuf.fr\/blog\/reussir-projet-immobilier\/investir\/\" \/>\n<meta property=\"og:locale\" content=\"fr_FR\" \/>\n<meta property=\"og:type\" content=\"article\" \/>\n<meta property=\"og:title\" content=\"Conseils pour investir dans l&#039;immobilier neuf- Toulouse Immo neuf\" \/>\n<meta property=\"og:description\" content=\"Investir en loi DUFLOT c&#039;est rentabiliser son \u00e9pargne de mani\u00e8re s\u00e9curis\u00e9e en b\u00e9n\u00e9ficiant d&#039;une r\u00e9duction d\u2019imp\u00f4t allant jusqu\u2019\u00e0 54 000 \u20ac sur 9 ans\" \/>\n<meta property=\"og:url\" content=\"http:\/\/www.immobiliare-neuf.fr\/blog\/reussir-projet-immobilier\/investir\/\" \/>\n<meta property=\"og:site_name\" content=\"Maisons et appartements neufs |Toulouse Immobilier neuf\" \/>\n<meta property=\"article:publisher\" content=\"https:\/\/www.facebook.com\/pages\/Immobiliare-31\/188363961250077?ref_type=bookmark\" \/>\n<meta property=\"article:modified_time\" content=\"2015-06-19T08:30:02+00:00\" \/>\n<meta name=\"twitter:label1\" content=\"Dur\u00e9e de lecture estim\u00e9e\" \/>\n\t<meta name=\"twitter:data1\" content=\"2 minutes\" \/>\n<script type=\"application\/ld+json\" class=\"yoast-schema-graph\">{\"@context\":\"https:\/\/schema.org\",\"@graph\":[{\"@type\":\"WebSite\",\"@id\":\"http:\/\/www.immobiliare-neuf.fr\/blog\/#website\",\"url\":\"http:\/\/www.immobiliare-neuf.fr\/blog\/\",\"name\":\"Maisons et appartements neufs |Toulouse Immobilier neuf\",\"description\":\"Toute l&#039;actu de l&#039;immobilier neuf \\u00e0 Toulouse !\",\"potentialAction\":[{\"@type\":\"SearchAction\",\"target\":{\"@type\":\"EntryPoint\",\"urlTemplate\":\"http:\/\/www.immobiliare-neuf.fr\/blog\/?s={search_term_string}\"},\"query-input\":\"required name=search_term_string\"}],\"inLanguage\":\"fr-FR\"},{\"@type\":\"WebPage\",\"@id\":\"http:\/\/www.immobiliare-neuf.fr\/blog\/reussir-projet-immobilier\/investir\/#webpage\",\"url\":\"http:\/\/www.immobiliare-neuf.fr\/blog\/reussir-projet-immobilier\/investir\/\",\"name\":\"Conseils pour investir dans l'immobilier neuf- Toulouse Immo neuf\",\"isPartOf\":{\"@id\":\"http:\/\/www.immobiliare-neuf.fr\/blog\/#website\"},\"datePublished\":\"2014-04-02T14:36:57+00:00\",\"dateModified\":\"2015-06-19T08:30:02+00:00\",\"description\":\"Investir en loi DUFLOT c'est rentabiliser son \\u00e9pargne de mani\\u00e8re s\\u00e9curis\\u00e9e en b\\u00e9n\\u00e9ficiant d'une r\\u00e9duction d\\u2019imp\\u00f4t allant jusqu\\u2019\\u00e0 54 000 \\u20ac sur 9 ans\",\"breadcrumb\":{\"@id\":\"http:\/\/www.immobiliare-neuf.fr\/blog\/reussir-projet-immobilier\/investir\/#breadcrumb\"},\"inLanguage\":\"fr-FR\",\"potentialAction\":[{\"@type\":\"ReadAction\",\"target\":[\"http:\/\/www.immobiliare-neuf.fr\/blog\/reussir-projet-immobilier\/investir\/\"]}]},{\"@type\":\"BreadcrumbList\",\"@id\":\"http:\/\/www.immobiliare-neuf.fr\/blog\/reussir-projet-immobilier\/investir\/#breadcrumb\",\"itemListElement\":[{\"@type\":\"ListItem\",\"position\":1,\"name\":\"Accueil\",\"item\":\"http:\/\/www.immobiliare-neuf.fr\/blog\/\"},{\"@type\":\"ListItem\",\"position\":2,\"name\":\"R\\u00e9ussir son projet immobilier\",\"item\":\"http:\/\/www.immobiliare-neuf.fr\/blog\/reussir-projet-immobilier\/\"},{\"@type\":\"ListItem\",\"position\":3,\"name\":\"Investir en loi Pinel \\u00e0 Toulouse\"}]}]}<\/script>\n<!-- \/ Yoast SEO plugin. -->","yoast_head_json":{"title":"Conseils pour investir dans l'immobilier neuf- Toulouse Immo neuf","description":"Investir en loi DUFLOT c'est rentabiliser son \u00e9pargne de mani\u00e8re s\u00e9curis\u00e9e en b\u00e9n\u00e9ficiant d'une r\u00e9duction d\u2019imp\u00f4t allant jusqu\u2019\u00e0 54 000 \u20ac sur 9 ans","robots":{"index":"index","follow":"follow","max-snippet":"max-snippet:-1","max-image-preview":"max-image-preview:large","max-video-preview":"max-video-preview:-1"},"canonical":"http:\/\/www.immobiliare-neuf.fr\/blog\/reussir-projet-immobilier\/investir\/","og_locale":"fr_FR","og_type":"article","og_title":"Conseils pour investir dans l'immobilier neuf- Toulouse Immo neuf","og_description":"Investir en loi DUFLOT c'est rentabiliser son \u00e9pargne de mani\u00e8re s\u00e9curis\u00e9e en b\u00e9n\u00e9ficiant d'une r\u00e9duction d\u2019imp\u00f4t allant jusqu\u2019\u00e0 54 000 \u20ac sur 9 ans","og_url":"http:\/\/www.immobiliare-neuf.fr\/blog\/reussir-projet-immobilier\/investir\/","og_site_name":"Maisons et appartements neufs |Toulouse Immobilier neuf","article_publisher":"https:\/\/www.facebook.com\/pages\/Immobiliare-31\/188363961250077?ref_type=bookmark","article_modified_time":"2015-06-19T08:30:02+00:00","twitter_misc":{"Dur\u00e9e de lecture estim\u00e9e":"2 minutes"},"schema":{"@context":"https:\/\/schema.org","@graph":[{"@type":"WebSite","@id":"http:\/\/www.immobiliare-neuf.fr\/blog\/#website","url":"http:\/\/www.immobiliare-neuf.fr\/blog\/","name":"Maisons et appartements neufs |Toulouse Immobilier neuf","description":"Toute l&#039;actu de l&#039;immobilier neuf \u00e0 Toulouse !","potentialAction":[{"@type":"SearchAction","target":{"@type":"EntryPoint","urlTemplate":"http:\/\/www.immobiliare-neuf.fr\/blog\/?s={search_term_string}"},"query-input":"required name=search_term_string"}],"inLanguage":"fr-FR"},{"@type":"WebPage","@id":"http:\/\/www.immobiliare-neuf.fr\/blog\/reussir-projet-immobilier\/investir\/#webpage","url":"http:\/\/www.immobiliare-neuf.fr\/blog\/reussir-projet-immobilier\/investir\/","name":"Conseils pour investir dans l'immobilier neuf- Toulouse Immo neuf","isPartOf":{"@id":"http:\/\/www.immobiliare-neuf.fr\/blog\/#website"},"datePublished":"2014-04-02T14:36:57+00:00","dateModified":"2015-06-19T08:30:02+00:00","description":"Investir en loi DUFLOT c'est rentabiliser son \u00e9pargne de mani\u00e8re s\u00e9curis\u00e9e en b\u00e9n\u00e9ficiant d'une r\u00e9duction d\u2019imp\u00f4t allant jusqu\u2019\u00e0 54 000 \u20ac sur 9 ans","breadcrumb":{"@id":"http:\/\/www.immobiliare-neuf.fr\/blog\/reussir-projet-immobilier\/investir\/#breadcrumb"},"inLanguage":"fr-FR","potentialAction":[{"@type":"ReadAction","target":["http:\/\/www.immobiliare-neuf.fr\/blog\/reussir-projet-immobilier\/investir\/"]}]},{"@type":"BreadcrumbList","@id":"http:\/\/www.immobiliare-neuf.fr\/blog\/reussir-projet-immobilier\/investir\/#breadcrumb","itemListElement":[{"@type":"ListItem","position":1,"name":"Accueil","item":"http:\/\/www.immobiliare-neuf.fr\/blog\/"},{"@type":"ListItem","position":2,"name":"R\u00e9ussir son projet immobilier","item":"http:\/\/www.immobiliare-neuf.fr\/blog\/reussir-projet-immobilier\/"},{"@type":"ListItem","position":3,"name":"Investir en loi Pinel \u00e0 Toulouse"}]}]}},"_links":{"self":[{"href":"https:\/\/www.immobiliare-neuf.fr\/blog\/wp-json\/wp\/v2\/pages\/144"}],"collection":[{"href":"https:\/\/www.immobiliare-neuf.fr\/blog\/wp-json\/wp\/v2\/pages"}],"about":[{"href":"https:\/\/www.immobiliare-neuf.fr\/blog\/wp-json\/wp\/v2\/types\/page"}],"author":[{"embeddable":true,"href":"https:\/\/www.immobiliare-neuf.fr\/blog\/wp-json\/wp\/v2\/users\/2"}],"replies":[{"embeddable":true,"href":"https:\/\/www.immobiliare-neuf.fr\/blog\/wp-json\/wp\/v2\/comments?post=144"}],"version-history":[{"count":7,"href":"https:\/\/www.immobiliare-neuf.fr\/blog\/wp-json\/wp\/v2\/pages\/144\/revisions"}],"predecessor-version":[{"id":2452,"href":"https:\/\/www.immobiliare-neuf.fr\/blog\/wp-json\/wp\/v2\/pages\/144\/revisions\/2452"}],"up":[{"embeddable":true,"href":"https:\/\/www.immobiliare-neuf.fr\/blog\/wp-json\/wp\/v2\/pages\/124"}],"wp:attachment":[{"href":"https:\/\/www.immobiliare-neuf.fr\/blog\/wp-json\/wp\/v2\/media?parent=144"}],"curies":[{"name":"wp","href":"https:\/\/api.w.org\/{rel}","templated":true}]}}