









{"id":472,"date":"2014-04-09T10:47:23","date_gmt":"2014-04-09T09:47:23","guid":{"rendered":"http:\/\/www.immobiliare-neuf.fr\/blog\/?page_id=472"},"modified":"2019-03-17T20:24:21","modified_gmt":"2019-03-17T19:24:21","slug":"quartiers-nord","status":"publish","type":"page","link":"http:\/\/www.immobiliare-neuf.fr\/blog\/quartiers-nord\/","title":{"rendered":"Quartiers Nord-Est"},"content":{"rendered":"<h2 id=\"ecxh1bonnefoy\" style=\"text-align: center;\"><span style=\"color: #11a2ee;\">BONNEFOY &#8211; CROIX DAURADE &#8211; BORDEROUGE<\/span><\/h2>\n<p style=\"text-align: justify;\"><span style=\"font-size: 12pt;\">Ces quartiers sont situ\u00e9s au nord-est de la ville, autour de la future place Nord de Borderouge.\u00a0Faciles d&rsquo;acc\u00e8s avec le\u00a0m\u00e9tro\u00a0ligne B, station terminus\u00a0Borderouge\u00a0correspondance de nombreuses lignes de\u00a0bus\u00a0(19, 26, 36, 40, 41, 73, 114, &#8230;).<\/span><\/p>\n<p style=\"text-align: justify;\"><span style=\"font-size: 12pt;\">Choisir un de ces quartiers, c&rsquo;est\u00a0habiter dans un lieu aux multiples facettes\u00a0:<\/span><br \/>\n<span style=\"font-size: 12pt;\"> le vieux quartier pr\u00e9serv\u00e9 de Croix Daurade avec ses belles maisons de ma\u00eetre et ses parcs jouxtant le nouveau quartier de Borderouge en plein essor, \u00e0 proximit\u00e9 du Parc de la Maourine.<\/span><br \/>\n<span style=\"font-size: 12pt;\"> C&rsquo;est \u00e9galement b\u00e9n\u00e9ficier de nombreux \u00e9quipements de qualit\u00e9 avec les \u00e9coles, coll\u00e8ge et lyc\u00e9e ainsi qu&rsquo;une\u00a0annexe du conservatoire national de musique, de l&rsquo;annexe du mus\u00e9um de Toulouse, ou de l&rsquo;Espace Bonnefoy\u00a0proposant un large choix d&rsquo;activit\u00e9s artistiques, culturelles et sportives.<\/span><\/p>\n<p style=\"text-align: center;\"><a href=\"http:\/\/www.immobiliare-neuf.fr\/blog\/wp-content\/uploads\/2014\/04\/croix-daurade-toulouse.jpg\"><img loading=\"lazy\" decoding=\"async\" class=\"size-medium wp-image-733 aligncenter\" src=\"http:\/\/www.immobiliare-neuf.fr\/blog\/wp-content\/uploads\/2014\/04\/croix-daurade-toulouse-300x225.jpg\" alt=\"Quartiers Nord-Est Toulouse \" width=\"300\" height=\"225\" srcset=\"http:\/\/www.immobiliare-neuf.fr\/blog\/wp-content\/uploads\/2014\/04\/croix-daurade-toulouse-300x225.jpg 300w, http:\/\/www.immobiliare-neuf.fr\/blog\/wp-content\/uploads\/2014\/04\/croix-daurade-toulouse.jpg 800w\" sizes=\"(max-width: 300px) 100vw, 300px\" \/><\/a><\/p>\n<p style=\"text-align: center;\"><a href=\"http:\/\/www.immobiliare-neuf.fr\/blog\/wp-content\/uploads\/2014\/04\/borderouge-toulouse.jpg\"><img loading=\"lazy\" decoding=\"async\" class=\"size-medium wp-image-734 aligncenter\" src=\"http:\/\/www.immobiliare-neuf.fr\/blog\/wp-content\/uploads\/2014\/04\/borderouge-toulouse-300x175.jpg\" alt=\"Quartiers Nord-Est Toulouse \" width=\"300\" height=\"175\" srcset=\"http:\/\/www.immobiliare-neuf.fr\/blog\/wp-content\/uploads\/2014\/04\/borderouge-toulouse-300x175.jpg 300w, http:\/\/www.immobiliare-neuf.fr\/blog\/wp-content\/uploads\/2014\/04\/borderouge-toulouse.jpg 850w\" sizes=\"(max-width: 300px) 100vw, 300px\" \/><\/a><\/p>\n<p><span style=\"color: #ffffff;\">..<\/span><\/p>\n<h2 id=\"ecxh1marengo\" style=\"text-align: center;\"><span style=\"color: #11a2ee;\">MARENGO &#8211; ROSERAIE &#8211; GRAMONT<\/span><\/h2>\n<p style=\"text-align: justify;\"><span style=\"font-size: 12pt;\">Ces quartiers, situ\u00e9s au nord-est de la ville, sont reli\u00e9s \u00e0 l&rsquo;hyper centre par les\u00a0all\u00e9es Jean Jaur\u00e8s.\u00a0Tr\u00e8s faciles d&rsquo;acc\u00e8s avec le\u00a0m\u00e9tro\u00a0ligne A et les stations\u00a0Marengo-SNCF, Jolimont, Roseraie, Argoulets ou Balma-Gramont.<\/span><\/p>\n<p style=\"text-align: justify;\"><span style=\"font-size: 12pt;\">Choisir un de ces quartiers, c&rsquo;est\u00a0habiter dans un lieu plein de vie, en b\u00e9n\u00e9ficiant d&rsquo;une foule de services :<\/span><br \/>\n<span style=\"font-size: 12pt;\"> La gare\u00a0SNCF Matabiau\u00a0(inscrite au titre des Monuments historiques), \u00e9l\u00e9ment central du r\u00e9seau ferroviaire de la r\u00e9gion Midi-Pyr\u00e9n\u00e9es, la\u00a0gare routi\u00e8re\u00a0regroupant les lignes des r\u00e9seaux Arc en Ciel, TER et la navette a\u00e9roport du r\u00e9seau Tiss\u00e9o, du p\u00f4le d&rsquo; \u00e9change multimodal: bus, taxi, m\u00e9tro, v\u00e9lo&#8230;.. et, dans un avenir assez proche, de la future gare TGV.\u00a0C&rsquo;est aussi profiter de la proximit\u00e9 de la\u00a0m\u00e9diath\u00e8que Paul Cabanis\u00a0avec plus de 200 000 documents accessibles.<\/span><br \/>\n<span style=\"font-size: 12pt;\"> C&rsquo;est aussi r\u00e9sider proche de la zone verte des Argoulets ou du jardin de l&rsquo;observatoire.\u00a0Enfin, c&rsquo;est b\u00e9n\u00e9ficier de la<\/span> <span style=\"font-size: 12pt;\">proximit\u00e9 imm\u00e9diate du boulevard p\u00e9riph\u00e9rique Est.<\/span><\/p>\n<h2><a href=\"http:\/\/www.immobiliare-neuf.fr\/blog\/wp-content\/uploads\/2014\/04\/Gare_Matabiau-toulouse.jpg\"><img loading=\"lazy\" decoding=\"async\" class=\"size-medium wp-image-753 aligncenter\" src=\"http:\/\/www.immobiliare-neuf.fr\/blog\/wp-content\/uploads\/2014\/04\/Gare_Matabiau-toulouse-300x188.jpg\" alt=\"Quartiers Nord-Est Toulouse \" width=\"300\" height=\"188\" srcset=\"http:\/\/www.immobiliare-neuf.fr\/blog\/wp-content\/uploads\/2014\/04\/Gare_Matabiau-toulouse-300x188.jpg 300w, http:\/\/www.immobiliare-neuf.fr\/blog\/wp-content\/uploads\/2014\/04\/Gare_Matabiau-toulouse.jpg 844w\" sizes=\"(max-width: 300px) 100vw, 300px\" \/><\/a><\/h2>\n<h2><\/h2>\n<p><span style=\"color: #ffffff;\">.<\/span><\/p>\n<p><span style=\"color: #ffffff;\">.<\/span><\/p>\n","protected":false},"excerpt":{"rendered":"<p>BONNEFOY &#8211; CROIX DAURADE &#8211; BORDEROUGE Ces quartiers sont situ\u00e9s au nord-est de la ville, autour de la future place Nord de Borderouge.\u00a0Faciles d&rsquo;acc\u00e8s avec le\u00a0m\u00e9tro\u00a0ligne B, station terminus\u00a0Borderouge\u00a0correspondance de nombreuses lignes de\u00a0bus\u00a0(19, 26, 36, 40, 41, 73, 114, &#8230;). Choisir un de ces quartiers, c&rsquo;est\u00a0habiter dans un lieu aux multiples facettes\u00a0: le vieux quartier [&hellip;]<\/p>\n","protected":false},"author":2,"featured_media":0,"parent":0,"menu_order":0,"comment_status":"open","ping_status":"open","template":"","meta":{"_bbp_topic_count":0,"_bbp_reply_count":0,"_bbp_total_topic_count":0,"_bbp_total_reply_count":0,"_bbp_voice_count":0,"_bbp_anonymous_reply_count":0,"_bbp_topic_count_hidden":0,"_bbp_reply_count_hidden":0,"_bbp_forum_subforum_count":0,"footnotes":""},"yoast_head":"<!-- This site is optimized with the Yoast SEO plugin v17.7 - https:\/\/yoast.com\/wordpress\/plugins\/seo\/ -->\n<title>Quartiers Nord-Est Toulouse - Toulouse Immo neuf<\/title>\n<meta name=\"description\" content=\"Quartiers Nord-Est Toulouse - D\u00e9couvrez les quartiers toulousains de BONNEFOY - CROIX DAURADE - BORDEROUGE - MARENGO - ROSERAIE - GRAMONT\" \/>\n<meta name=\"robots\" content=\"index, follow, max-snippet:-1, max-image-preview:large, max-video-preview:-1\" \/>\n<link rel=\"canonical\" href=\"http:\/\/www.immobiliare-neuf.fr\/blog\/quartiers-nord\/\" \/>\n<meta property=\"og:locale\" content=\"fr_FR\" \/>\n<meta property=\"og:type\" content=\"article\" \/>\n<meta property=\"og:title\" content=\"Quartiers Nord-Est Toulouse - Toulouse Immo neuf\" \/>\n<meta property=\"og:description\" content=\"Quartiers Nord-Est Toulouse - D\u00e9couvrez les quartiers toulousains de BONNEFOY - CROIX DAURADE - BORDEROUGE - MARENGO - ROSERAIE - GRAMONT\" \/>\n<meta property=\"og:url\" content=\"http:\/\/www.immobiliare-neuf.fr\/blog\/quartiers-nord\/\" \/>\n<meta property=\"og:site_name\" content=\"Maisons et appartements neufs |Toulouse Immobilier neuf\" \/>\n<meta property=\"article:publisher\" content=\"https:\/\/www.facebook.com\/pages\/Immobiliare-31\/188363961250077?ref_type=bookmark\" \/>\n<meta property=\"article:modified_time\" content=\"2019-03-17T19:24:21+00:00\" \/>\n<meta property=\"og:image\" content=\"http:\/\/www.immobiliare-neuf.fr\/blog\/wp-content\/uploads\/2014\/04\/croix-daurade-toulouse-300x225.jpg\" \/>\n<meta name=\"twitter:label1\" content=\"Dur\u00e9e de lecture estim\u00e9e\" \/>\n\t<meta name=\"twitter:data1\" content=\"2 minutes\" \/>\n<script type=\"application\/ld+json\" class=\"yoast-schema-graph\">{\"@context\":\"https:\/\/schema.org\",\"@graph\":[{\"@type\":\"WebSite\",\"@id\":\"http:\/\/www.immobiliare-neuf.fr\/blog\/#website\",\"url\":\"http:\/\/www.immobiliare-neuf.fr\/blog\/\",\"name\":\"Maisons et appartements neufs |Toulouse Immobilier neuf\",\"description\":\"Toute l&#039;actu de l&#039;immobilier neuf \\u00e0 Toulouse !\",\"potentialAction\":[{\"@type\":\"SearchAction\",\"target\":{\"@type\":\"EntryPoint\",\"urlTemplate\":\"http:\/\/www.immobiliare-neuf.fr\/blog\/?s={search_term_string}\"},\"query-input\":\"required name=search_term_string\"}],\"inLanguage\":\"fr-FR\"},{\"@type\":\"ImageObject\",\"@id\":\"http:\/\/www.immobiliare-neuf.fr\/blog\/quartiers-nord\/#primaryimage\",\"inLanguage\":\"fr-FR\",\"url\":\"http:\/\/www.immobiliare-neuf.fr\/blog\/wp-content\/uploads\/2014\/04\/croix-daurade-toulouse.jpg\",\"contentUrl\":\"http:\/\/www.immobiliare-neuf.fr\/blog\/wp-content\/uploads\/2014\/04\/croix-daurade-toulouse.jpg\",\"width\":800,\"height\":600},{\"@type\":\"WebPage\",\"@id\":\"http:\/\/www.immobiliare-neuf.fr\/blog\/quartiers-nord\/#webpage\",\"url\":\"http:\/\/www.immobiliare-neuf.fr\/blog\/quartiers-nord\/\",\"name\":\"Quartiers Nord-Est Toulouse - Toulouse Immo neuf\",\"isPartOf\":{\"@id\":\"http:\/\/www.immobiliare-neuf.fr\/blog\/#website\"},\"primaryImageOfPage\":{\"@id\":\"http:\/\/www.immobiliare-neuf.fr\/blog\/quartiers-nord\/#primaryimage\"},\"datePublished\":\"2014-04-09T09:47:23+00:00\",\"dateModified\":\"2019-03-17T19:24:21+00:00\",\"description\":\"Quartiers Nord-Est Toulouse - D\\u00e9couvrez les quartiers toulousains de BONNEFOY - CROIX DAURADE - BORDEROUGE - MARENGO - ROSERAIE - GRAMONT\",\"breadcrumb\":{\"@id\":\"http:\/\/www.immobiliare-neuf.fr\/blog\/quartiers-nord\/#breadcrumb\"},\"inLanguage\":\"fr-FR\",\"potentialAction\":[{\"@type\":\"ReadAction\",\"target\":[\"http:\/\/www.immobiliare-neuf.fr\/blog\/quartiers-nord\/\"]}]},{\"@type\":\"BreadcrumbList\",\"@id\":\"http:\/\/www.immobiliare-neuf.fr\/blog\/quartiers-nord\/#breadcrumb\",\"itemListElement\":[{\"@type\":\"ListItem\",\"position\":1,\"name\":\"Accueil\",\"item\":\"http:\/\/www.immobiliare-neuf.fr\/blog\/\"},{\"@type\":\"ListItem\",\"position\":2,\"name\":\"Quartiers Nord-Est\"}]}]}<\/script>\n<!-- \/ Yoast SEO plugin. -->","yoast_head_json":{"title":"Quartiers Nord-Est Toulouse - Toulouse Immo neuf","description":"Quartiers Nord-Est Toulouse - D\u00e9couvrez les quartiers toulousains de BONNEFOY - CROIX DAURADE - BORDEROUGE - MARENGO - ROSERAIE - GRAMONT","robots":{"index":"index","follow":"follow","max-snippet":"max-snippet:-1","max-image-preview":"max-image-preview:large","max-video-preview":"max-video-preview:-1"},"canonical":"http:\/\/www.immobiliare-neuf.fr\/blog\/quartiers-nord\/","og_locale":"fr_FR","og_type":"article","og_title":"Quartiers Nord-Est Toulouse - Toulouse Immo neuf","og_description":"Quartiers Nord-Est Toulouse - D\u00e9couvrez les quartiers toulousains de BONNEFOY - CROIX DAURADE - BORDEROUGE - MARENGO - ROSERAIE - GRAMONT","og_url":"http:\/\/www.immobiliare-neuf.fr\/blog\/quartiers-nord\/","og_site_name":"Maisons et appartements neufs |Toulouse Immobilier neuf","article_publisher":"https:\/\/www.facebook.com\/pages\/Immobiliare-31\/188363961250077?ref_type=bookmark","article_modified_time":"2019-03-17T19:24:21+00:00","og_image":[{"url":"http:\/\/www.immobiliare-neuf.fr\/blog\/wp-content\/uploads\/2014\/04\/croix-daurade-toulouse-300x225.jpg"}],"twitter_misc":{"Dur\u00e9e de lecture estim\u00e9e":"2 minutes"},"schema":{"@context":"https:\/\/schema.org","@graph":[{"@type":"WebSite","@id":"http:\/\/www.immobiliare-neuf.fr\/blog\/#website","url":"http:\/\/www.immobiliare-neuf.fr\/blog\/","name":"Maisons et appartements neufs |Toulouse Immobilier neuf","description":"Toute l&#039;actu de l&#039;immobilier neuf \u00e0 Toulouse !","potentialAction":[{"@type":"SearchAction","target":{"@type":"EntryPoint","urlTemplate":"http:\/\/www.immobiliare-neuf.fr\/blog\/?s={search_term_string}"},"query-input":"required name=search_term_string"}],"inLanguage":"fr-FR"},{"@type":"ImageObject","@id":"http:\/\/www.immobiliare-neuf.fr\/blog\/quartiers-nord\/#primaryimage","inLanguage":"fr-FR","url":"http:\/\/www.immobiliare-neuf.fr\/blog\/wp-content\/uploads\/2014\/04\/croix-daurade-toulouse.jpg","contentUrl":"http:\/\/www.immobiliare-neuf.fr\/blog\/wp-content\/uploads\/2014\/04\/croix-daurade-toulouse.jpg","width":800,"height":600},{"@type":"WebPage","@id":"http:\/\/www.immobiliare-neuf.fr\/blog\/quartiers-nord\/#webpage","url":"http:\/\/www.immobiliare-neuf.fr\/blog\/quartiers-nord\/","name":"Quartiers Nord-Est Toulouse - Toulouse Immo neuf","isPartOf":{"@id":"http:\/\/www.immobiliare-neuf.fr\/blog\/#website"},"primaryImageOfPage":{"@id":"http:\/\/www.immobiliare-neuf.fr\/blog\/quartiers-nord\/#primaryimage"},"datePublished":"2014-04-09T09:47:23+00:00","dateModified":"2019-03-17T19:24:21+00:00","description":"Quartiers Nord-Est Toulouse - D\u00e9couvrez les quartiers toulousains de BONNEFOY - CROIX DAURADE - BORDEROUGE - MARENGO - ROSERAIE - GRAMONT","breadcrumb":{"@id":"http:\/\/www.immobiliare-neuf.fr\/blog\/quartiers-nord\/#breadcrumb"},"inLanguage":"fr-FR","potentialAction":[{"@type":"ReadAction","target":["http:\/\/www.immobiliare-neuf.fr\/blog\/quartiers-nord\/"]}]},{"@type":"BreadcrumbList","@id":"http:\/\/www.immobiliare-neuf.fr\/blog\/quartiers-nord\/#breadcrumb","itemListElement":[{"@type":"ListItem","position":1,"name":"Accueil","item":"http:\/\/www.immobiliare-neuf.fr\/blog\/"},{"@type":"ListItem","position":2,"name":"Quartiers Nord-Est"}]}]}},"_links":{"self":[{"href":"http:\/\/www.immobiliare-neuf.fr\/blog\/wp-json\/wp\/v2\/pages\/472"}],"collection":[{"href":"http:\/\/www.immobiliare-neuf.fr\/blog\/wp-json\/wp\/v2\/pages"}],"about":[{"href":"http:\/\/www.immobiliare-neuf.fr\/blog\/wp-json\/wp\/v2\/types\/page"}],"author":[{"embeddable":true,"href":"http:\/\/www.immobiliare-neuf.fr\/blog\/wp-json\/wp\/v2\/users\/2"}],"replies":[{"embeddable":true,"href":"http:\/\/www.immobiliare-neuf.fr\/blog\/wp-json\/wp\/v2\/comments?post=472"}],"version-history":[{"count":2,"href":"http:\/\/www.immobiliare-neuf.fr\/blog\/wp-json\/wp\/v2\/pages\/472\/revisions"}],"predecessor-version":[{"id":3501,"href":"http:\/\/www.immobiliare-neuf.fr\/blog\/wp-json\/wp\/v2\/pages\/472\/revisions\/3501"}],"wp:attachment":[{"href":"http:\/\/www.immobiliare-neuf.fr\/blog\/wp-json\/wp\/v2\/media?parent=472"}],"curies":[{"name":"wp","href":"https:\/\/api.w.org\/{rel}","templated":true}]}}