









{"id":466,"date":"2014-04-09T10:45:07","date_gmt":"2014-04-09T09:45:07","guid":{"rendered":"http:\/\/www.immobiliare-neuf.fr\/blog\/?page_id=466"},"modified":"2017-09-12T14:07:26","modified_gmt":"2017-09-12T13:07:26","slug":"quartiers-centre","status":"publish","type":"page","link":"http:\/\/www.immobiliare-neuf.fr\/blog\/limmo-quartier\/quartiers-centre\/","title":{"rendered":"Quartiers Centre"},"content":{"rendered":"<p dir=\"ltr\" style=\"text-align: justify;\"><span style=\"font-size: 12pt;\">Le centre historique toulousain regroupe les principales fonctions administratives, commerciales, culturelles et touristiques de la ville de Toulouse.\u00a0Eclectique et cosmopolite, le centre est une v\u00e9ritable mosa\u00efque de quartiers de tous type : populaires ou plus chics, anim\u00e9s ou r\u00e9sidentiels, aux allures de village ou plus modernes&#8230; un unique m\u00e9lange des genres \u00e0 l&rsquo;architecture de caract\u00e8re et aux rues pav\u00e9es tr\u00e8s appr\u00e9ci\u00e9s des \u00e9tudiants, jeunes actifs et revenus ais\u00e9s.<\/span><\/p>\n<p dir=\"ltr\" style=\"text-align: justify;\"><span style=\"color: #ffffff; font-size: 12pt;\">.<\/span><\/p>\n<p dir=\"ltr\" style=\"text-align: justify;\"><span style=\"color: #ffffff;\">.<\/span><\/p>\n<h2 style=\"text-align: center;\"><span style=\"color: #1cafe3;\">CARMES &#8211; SAINT ETIENNE &#8211; CAPITOLE &#8211;\u00a0COMPANS\u00a0<\/span><\/h2>\n<h2 id=\"ecxh1carmes\" style=\"text-align: center;\"><\/h2>\n<p style=\"text-align: justify;\"><span style=\"font-size: 12pt;\">Ces quartiers sont situ\u00e9s dans l&rsquo;hyper centre de la ville en plein\u00a0coeur historique.\u00a0<span style=\"line-height: 1.5em;\">Tr\u00e8s faciles d&rsquo;acc\u00e8s avec le\u00a0m\u00e9tro\u00a0lignes A et B et les lignes de bus convergeant vers les places Esquirol\u00a0<\/span>ou Jeanne d&rsquo;Arc.\u00a0Choisir un de ces quartiers, c&rsquo;est\u00a0habiter dans un lieu plein de vie\u00a0regroupant toutes les services: commerces, restaurants et sorties diverses&#8230;<\/span><\/p>\n<p style=\"text-align: justify;\"><span style=\"color: #ffffff;\">.<\/span><\/p>\n<h3 style=\"text-align: center;\">Les Carmes<\/h3>\n<p style=\"text-align: justify;\"><span style=\"font-size: 12pt;\">Le quartier des\u00a0Carmes, typiquement toulousain s&rsquo;organise autour d&rsquo;une ancienne halle r\u00e9am\u00e9nag\u00e9e en march\u00e9 rythmant la vie de ce \u00ab\u00a0village\u00a0\u00bb au c\u0153ur de la ville et un parking en colima\u00e7on. Un quartier\u00a0anim\u00e9 comptant pr\u00e8s de 6000 habitants, dont les rues pav\u00e9es abritent de nombreux petits commerces, restaurants, caf\u00e9s &amp; bars \u00e0 tapas&#8230; L&rsquo;endroit id\u00e9al pour profiter des jours ensoleill\u00e9s en sirotant quelques verres \u00e0 l\u2019ombre des parasols des nombreuses terrasses de restaurants.<\/span><\/p>\n<p style=\"text-align: center;\"><a href=\"http:\/\/www.immobiliare-neuf.fr\/blog\/wp-content\/uploads\/2014\/04\/les-carmes-toulouse.jpg\"><img loading=\"lazy\" decoding=\"async\" class=\"aligncenter wp-image-706 size-full\" src=\"http:\/\/www.immobiliare-neuf.fr\/blog\/wp-content\/uploads\/2014\/04\/les-carmes-toulouse.jpg\" alt=\" Quartiers centre Toulouse.\" width=\"800\" height=\"533\" srcset=\"http:\/\/www.immobiliare-neuf.fr\/blog\/wp-content\/uploads\/2014\/04\/les-carmes-toulouse.jpg 800w, http:\/\/www.immobiliare-neuf.fr\/blog\/wp-content\/uploads\/2014\/04\/les-carmes-toulouse-300x199.jpg 300w, http:\/\/www.immobiliare-neuf.fr\/blog\/wp-content\/uploads\/2014\/04\/les-carmes-toulouse-140x94.jpg 140w\" sizes=\"(max-width: 800px) 100vw, 800px\" \/><\/a><\/p>\n<p class=\"h100non\" style=\"text-align: justify;\"><span style=\"font-size: 12pt;\">Pour rejoindre le quartier des Carmes, prenez le M\u00e9tro ligne B station Les Carmes ou les lignes de bus n\u00b0 2 et n\u00b0 12 de Tiss\u00e9o depuis le centre-ville.<\/span><\/p>\n<p class=\"h100non\" style=\"text-align: justify;\"><span style=\"color: #ffffff;\">.<\/span><\/p>\n<h3 style=\"text-align: center;\"><\/h3>\n<h3 style=\"text-align: center;\">Saint Etienne<\/h3>\n<p style=\"text-align: justify;\"><span style=\"font-size: 12pt;\"><span style=\"color: #333333;\">Saint Etienne, quartier aux demeures d&rsquo;une grande qualit\u00e9 architecturale, est agr\u00e9ment\u00e9 de remarquables monuments historiques tels que la cath\u00e9drale ou<\/span> le Griffoul (la plus ancienne fontaine publique de Toulouse) et repr\u00e9sente le c\u0153ur historique de Toulouse. Magasins de luxe, d\u2019antiquit\u00e9 et demeures bourgeoises jonchent les rues du tr\u00e8s pris\u00e9\u00a0quartier\u00a0Saint Etienne. La majorit\u00e9 des activit\u00e9s commerciales du quartier s\u2019organisent autour de la cath\u00e9drale Saint-\u00c9tienne.<\/span><\/p>\n<p style=\"text-align: center;\"><a href=\"http:\/\/www.immobiliare-neuf.fr\/blog\/wp-content\/uploads\/2014\/04\/saint-etienne-toulouse.jpg\"><img loading=\"lazy\" decoding=\"async\" class=\"aligncenter wp-image-707 size-full\" src=\"http:\/\/www.immobiliare-neuf.fr\/blog\/wp-content\/uploads\/2014\/04\/saint-etienne-toulouse.jpg\" alt=\" Quartiers centre Toulouse.\" width=\"950\" height=\"319\" srcset=\"http:\/\/www.immobiliare-neuf.fr\/blog\/wp-content\/uploads\/2014\/04\/saint-etienne-toulouse.jpg 950w, http:\/\/www.immobiliare-neuf.fr\/blog\/wp-content\/uploads\/2014\/04\/saint-etienne-toulouse-300x100.jpg 300w\" sizes=\"(max-width: 950px) 100vw, 950px\" \/><\/a><\/p>\n<p style=\"text-align: justify;\"><span style=\"color: #ffffff;\">..<\/span><\/p>\n<p style=\"text-align: justify;\"><span style=\"font-size: 12pt;\">Situ\u00e9\u00a0au sud-est de la Place Esquirol, il s\u2019agit d\u2019un des quartiers les plus riches de la ville. Consid\u00e9r\u00e9 comme un quartier bourgeois, le quartier Saint Etienne accueille de belles propri\u00e9t\u00e9s et diff\u00e9rents h\u00f4tels de luxe, dont l\u2019H\u00f4tel d\u2019Ulmo qui date de l\u2019ann\u00e9e 1526.<\/span><\/p>\n<p style=\"text-align: justify;\"><span style=\"font-size: 12pt;\">\u00a0Le quartier dispose de quelques infrastructures scolaires, dont celles destin\u00e9es aux petits enfants, comme les cr\u00e8ches et les garderies et celles destin\u00e9es aux plus grands, comme l\u2019\u00e9cole primaire priv\u00e9e Grand Rond Saint-Etienne.<\/span><\/p>\n<p style=\"text-align: justify;\"><span style=\"font-size: 12pt;\">\u00a0Pour ce qui est des installations sportives, le quartier est \u00e0 proximit\u00e9 de plusieurs centres de sports et de loisirs. Le quartier Saint Etienne est desservi par des transports en commun tout au long de la journ\u00e9e et m\u00eame durant la nuit.<\/span><\/p>\n<p style=\"text-align: justify;\"><span style=\"color: #ffffff;\">.<\/span><\/p>\n<p style=\"text-align: justify;\"><span style=\"color: #ffffff;\">.<\/span><\/p>\n<h3 style=\"text-align: center;\">Le Capitole<\/h3>\n<p style=\"text-align: justify;\"><span style=\"font-size: 12pt;\">Embl\u00e8me de la ville rose, le\u00a0Capitole\u00a0est c\u00e9l\u00e8bre pour sa place majestueuse qui constitue un traditionnel lieu de rassemblement des toulousains lors d\u2019\u00e9v\u00e9nements majeurs, et ses b\u00e2timents abritent la mairie de Toulouse et le th\u00e9\u00e2tre du Capitole.<\/span><\/p>\n<h3 style=\"text-align: justify;\"><span style=\"color: #ffffff;\">.<img loading=\"lazy\" decoding=\"async\" src=\"http:\/\/jerome.rattat.free.fr\/images\/Toulouse%20-%20Capitole%20-%20Place%2002.JPG\" alt=\"\" width=\"950\" height=\"320\" border=\"0\" \/><\/span><\/h3>\n<p style=\"text-align: center;\"><span style=\"color: #ffffff;\">.\u00a0<\/span><\/p>\n<h3 style=\"text-align: center;\">Compans Caffarelli<\/h3>\n<p style=\"text-align: justify;\"><span style=\"color: #333333; font-size: 12pt;\">Le\u00a0quartier Compans Caffarelli s\u2019\u00e9tale entre le boulevard de la Marquette et le boulevard Lascrosses dans le centre de Toulouse. Ce quartier dispose de nombreux logements et h\u00f4tels et de plus de 200 000\u00a0m\u00b2 de bureaux. Le quartier est subdivis\u00e9 en deux par le jardin public de Compans Caffarelli qui offre en son c\u0153ur l&rsquo;intimit\u00e9 d&rsquo;un jardin japonais, compos\u00e9 de v\u00e9g\u00e9taux caract\u00e9ristiques et de constructions symboliques ( maison de th\u00e9, pont) organis\u00e9s autour d&rsquo;un magnifique plan d&rsquo;eau. <\/span><\/p>\n<p style=\"text-align: justify;\"><img loading=\"lazy\" decoding=\"async\" src=\"http:\/\/jerome.rattat.free.fr\/images\/Toulouse%20-%20Jardin%20Compans%20Caffarelli%2004.JPG\" alt=\"\" width=\"950\" height=\"402\" border=\"0\" \/><\/p>\n<p class=\"h100non\" style=\"text-align: justify;\"><span style=\"font-size: 12pt;\">Ce quartier constitue un haut centre d&rsquo;affaires\u00a0de la r\u00e9gion\u00a0avec plus de 200 000 m2\u00a0de bureaux, d\u2019h\u00f4tels et de logements, un centre commercial, un palais des sports, et\u00a0l&rsquo;\u00e9cole sup\u00e9rieure de commerce de Toulouse (TBS School).<\/span><\/p>\n<p class=\"h100non\" style=\"text-align: justify;\"><span style=\"font-size: 12pt;\">La vie du quartier de Compans Caffarelli est plut\u00f4t calme du fait du rythme des horaires des bureaux.<\/span><br \/>\n<span style=\"font-size: 12pt;\"> Pour vos d\u00e9placements, empruntez le la ligne B du m\u00e9tro Toulousain station Compans Caffarelli. Le quartier est \u00e9galement desservi par de nombreuses lignes de bus et par\u00a0une navette menant directement \u00e0 l&rsquo;a\u00e9roport.<\/span><\/p>\n<p><span style=\"color: #ffffff;\">\u00a0.<\/span><\/p>\n<p><span style=\"color: #ffffff;\">.<\/span><\/p>\n<p><span style=\"color: #ffffff;\">\u00a0<\/span><\/p>\n<p style=\"text-align: center;\"><strong><span style=\"color: #33cccc;\">\u00a0<\/span><span style=\"font-size: 12pt;\">&gt; Consultez notre s\u00e9lection d&rsquo;<a href=\"http:\/\/www.immobiliare-neuf.fr\/sl-toulouse-centre\" target=\"_blank\">appartements\u00a0neufs \u00e0 prix direct promoteur dans le secteur de Toulouse Centre <\/a>&lt;<\/span><\/strong><\/p>\n","protected":false},"excerpt":{"rendered":"<p>Le centre historique toulousain regroupe les principales fonctions administratives, commerciales, culturelles et touristiques de la ville de Toulouse.\u00a0Eclectique et cosmopolite, le centre est une v\u00e9ritable mosa\u00efque de quartiers de tous type : populaires ou plus chics, anim\u00e9s ou r\u00e9sidentiels, aux allures de village ou plus modernes&#8230; un unique m\u00e9lange des genres \u00e0 l&rsquo;architecture de caract\u00e8re [&hellip;]<\/p>\n","protected":false},"author":2,"featured_media":0,"parent":127,"menu_order":0,"comment_status":"open","ping_status":"open","template":"","meta":{"_bbp_topic_count":0,"_bbp_reply_count":0,"_bbp_total_topic_count":0,"_bbp_total_reply_count":0,"_bbp_voice_count":0,"_bbp_anonymous_reply_count":0,"_bbp_topic_count_hidden":0,"_bbp_reply_count_hidden":0,"_bbp_forum_subforum_count":0,"footnotes":""},"yoast_head":"<!-- This site is optimized with the Yoast SEO plugin v17.7 - https:\/\/yoast.com\/wordpress\/plugins\/seo\/ -->\n<title>Quartiers Centre Toulouse - Toulouse Immo neuf<\/title>\n<meta name=\"description\" content=\"Quartiers Centre Toulouse : Dans quel quartier investir ou habiter ? D\u00e9couvrez les quartiers des Carmes, de Saint Etienne et du Capitole \u00e0 Toulouse centre\" \/>\n<meta name=\"robots\" content=\"index, follow, max-snippet:-1, max-image-preview:large, max-video-preview:-1\" \/>\n<link rel=\"canonical\" href=\"http:\/\/www.immobiliare-neuf.fr\/blog\/limmo-quartier\/quartiers-centre\/\" \/>\n<meta property=\"og:locale\" content=\"fr_FR\" \/>\n<meta property=\"og:type\" content=\"article\" \/>\n<meta property=\"og:title\" content=\"Quartiers Centre Toulouse - Toulouse Immo neuf\" \/>\n<meta property=\"og:description\" content=\"Quartiers Centre Toulouse : Dans quel quartier investir ou habiter ? D\u00e9couvrez les quartiers des Carmes, de Saint Etienne et du Capitole \u00e0 Toulouse centre\" \/>\n<meta property=\"og:url\" content=\"http:\/\/www.immobiliare-neuf.fr\/blog\/limmo-quartier\/quartiers-centre\/\" \/>\n<meta property=\"og:site_name\" content=\"Maisons et appartements neufs |Toulouse Immobilier neuf\" \/>\n<meta property=\"article:publisher\" content=\"https:\/\/www.facebook.com\/pages\/Immobiliare-31\/188363961250077?ref_type=bookmark\" \/>\n<meta property=\"article:modified_time\" content=\"2017-09-12T13:07:26+00:00\" \/>\n<meta property=\"og:image\" content=\"http:\/\/www.immobiliare-neuf.fr\/blog\/wp-content\/uploads\/2014\/04\/les-carmes-toulouse.jpg\" \/>\n<meta name=\"twitter:label1\" content=\"Dur\u00e9e de lecture estim\u00e9e\" \/>\n\t<meta name=\"twitter:data1\" content=\"4 minutes\" \/>\n<script type=\"application\/ld+json\" class=\"yoast-schema-graph\">{\"@context\":\"https:\/\/schema.org\",\"@graph\":[{\"@type\":\"WebSite\",\"@id\":\"http:\/\/www.immobiliare-neuf.fr\/blog\/#website\",\"url\":\"http:\/\/www.immobiliare-neuf.fr\/blog\/\",\"name\":\"Maisons et appartements neufs |Toulouse Immobilier neuf\",\"description\":\"Toute l&#039;actu de l&#039;immobilier neuf \\u00e0 Toulouse !\",\"potentialAction\":[{\"@type\":\"SearchAction\",\"target\":{\"@type\":\"EntryPoint\",\"urlTemplate\":\"http:\/\/www.immobiliare-neuf.fr\/blog\/?s={search_term_string}\"},\"query-input\":\"required name=search_term_string\"}],\"inLanguage\":\"fr-FR\"},{\"@type\":\"ImageObject\",\"@id\":\"http:\/\/www.immobiliare-neuf.fr\/blog\/limmo-quartier\/quartiers-centre\/#primaryimage\",\"inLanguage\":\"fr-FR\",\"url\":\"http:\/\/www.immobiliare-neuf.fr\/blog\/wp-content\/uploads\/2014\/04\/les-carmes-toulouse.jpg\",\"contentUrl\":\"http:\/\/www.immobiliare-neuf.fr\/blog\/wp-content\/uploads\/2014\/04\/les-carmes-toulouse.jpg\",\"width\":800,\"height\":533},{\"@type\":\"WebPage\",\"@id\":\"http:\/\/www.immobiliare-neuf.fr\/blog\/limmo-quartier\/quartiers-centre\/#webpage\",\"url\":\"http:\/\/www.immobiliare-neuf.fr\/blog\/limmo-quartier\/quartiers-centre\/\",\"name\":\"Quartiers Centre Toulouse - Toulouse Immo neuf\",\"isPartOf\":{\"@id\":\"http:\/\/www.immobiliare-neuf.fr\/blog\/#website\"},\"primaryImageOfPage\":{\"@id\":\"http:\/\/www.immobiliare-neuf.fr\/blog\/limmo-quartier\/quartiers-centre\/#primaryimage\"},\"datePublished\":\"2014-04-09T09:45:07+00:00\",\"dateModified\":\"2017-09-12T13:07:26+00:00\",\"description\":\"Quartiers Centre Toulouse : Dans quel quartier investir ou habiter ? D\\u00e9couvrez les quartiers des Carmes, de Saint Etienne et du Capitole \\u00e0 Toulouse centre\",\"breadcrumb\":{\"@id\":\"http:\/\/www.immobiliare-neuf.fr\/blog\/limmo-quartier\/quartiers-centre\/#breadcrumb\"},\"inLanguage\":\"fr-FR\",\"potentialAction\":[{\"@type\":\"ReadAction\",\"target\":[\"http:\/\/www.immobiliare-neuf.fr\/blog\/limmo-quartier\/quartiers-centre\/\"]}]},{\"@type\":\"BreadcrumbList\",\"@id\":\"http:\/\/www.immobiliare-neuf.fr\/blog\/limmo-quartier\/quartiers-centre\/#breadcrumb\",\"itemListElement\":[{\"@type\":\"ListItem\",\"position\":1,\"name\":\"Accueil\",\"item\":\"http:\/\/www.immobiliare-neuf.fr\/blog\/\"},{\"@type\":\"ListItem\",\"position\":2,\"name\":\"L&rsquo;immo par quartier\",\"item\":\"http:\/\/www.immobiliare-neuf.fr\/blog\/limmo-quartier\/\"},{\"@type\":\"ListItem\",\"position\":3,\"name\":\"Quartiers Centre\"}]}]}<\/script>\n<!-- \/ Yoast SEO plugin. -->","yoast_head_json":{"title":"Quartiers Centre Toulouse - Toulouse Immo neuf","description":"Quartiers Centre Toulouse : Dans quel quartier investir ou habiter ? D\u00e9couvrez les quartiers des Carmes, de Saint Etienne et du Capitole \u00e0 Toulouse centre","robots":{"index":"index","follow":"follow","max-snippet":"max-snippet:-1","max-image-preview":"max-image-preview:large","max-video-preview":"max-video-preview:-1"},"canonical":"http:\/\/www.immobiliare-neuf.fr\/blog\/limmo-quartier\/quartiers-centre\/","og_locale":"fr_FR","og_type":"article","og_title":"Quartiers Centre Toulouse - Toulouse Immo neuf","og_description":"Quartiers Centre Toulouse : Dans quel quartier investir ou habiter ? D\u00e9couvrez les quartiers des Carmes, de Saint Etienne et du Capitole \u00e0 Toulouse centre","og_url":"http:\/\/www.immobiliare-neuf.fr\/blog\/limmo-quartier\/quartiers-centre\/","og_site_name":"Maisons et appartements neufs |Toulouse Immobilier neuf","article_publisher":"https:\/\/www.facebook.com\/pages\/Immobiliare-31\/188363961250077?ref_type=bookmark","article_modified_time":"2017-09-12T13:07:26+00:00","og_image":[{"url":"http:\/\/www.immobiliare-neuf.fr\/blog\/wp-content\/uploads\/2014\/04\/les-carmes-toulouse.jpg"}],"twitter_misc":{"Dur\u00e9e de lecture estim\u00e9e":"4 minutes"},"schema":{"@context":"https:\/\/schema.org","@graph":[{"@type":"WebSite","@id":"http:\/\/www.immobiliare-neuf.fr\/blog\/#website","url":"http:\/\/www.immobiliare-neuf.fr\/blog\/","name":"Maisons et appartements neufs |Toulouse Immobilier neuf","description":"Toute l&#039;actu de l&#039;immobilier neuf \u00e0 Toulouse !","potentialAction":[{"@type":"SearchAction","target":{"@type":"EntryPoint","urlTemplate":"http:\/\/www.immobiliare-neuf.fr\/blog\/?s={search_term_string}"},"query-input":"required name=search_term_string"}],"inLanguage":"fr-FR"},{"@type":"ImageObject","@id":"http:\/\/www.immobiliare-neuf.fr\/blog\/limmo-quartier\/quartiers-centre\/#primaryimage","inLanguage":"fr-FR","url":"http:\/\/www.immobiliare-neuf.fr\/blog\/wp-content\/uploads\/2014\/04\/les-carmes-toulouse.jpg","contentUrl":"http:\/\/www.immobiliare-neuf.fr\/blog\/wp-content\/uploads\/2014\/04\/les-carmes-toulouse.jpg","width":800,"height":533},{"@type":"WebPage","@id":"http:\/\/www.immobiliare-neuf.fr\/blog\/limmo-quartier\/quartiers-centre\/#webpage","url":"http:\/\/www.immobiliare-neuf.fr\/blog\/limmo-quartier\/quartiers-centre\/","name":"Quartiers Centre Toulouse - Toulouse Immo neuf","isPartOf":{"@id":"http:\/\/www.immobiliare-neuf.fr\/blog\/#website"},"primaryImageOfPage":{"@id":"http:\/\/www.immobiliare-neuf.fr\/blog\/limmo-quartier\/quartiers-centre\/#primaryimage"},"datePublished":"2014-04-09T09:45:07+00:00","dateModified":"2017-09-12T13:07:26+00:00","description":"Quartiers Centre Toulouse : Dans quel quartier investir ou habiter ? D\u00e9couvrez les quartiers des Carmes, de Saint Etienne et du Capitole \u00e0 Toulouse centre","breadcrumb":{"@id":"http:\/\/www.immobiliare-neuf.fr\/blog\/limmo-quartier\/quartiers-centre\/#breadcrumb"},"inLanguage":"fr-FR","potentialAction":[{"@type":"ReadAction","target":["http:\/\/www.immobiliare-neuf.fr\/blog\/limmo-quartier\/quartiers-centre\/"]}]},{"@type":"BreadcrumbList","@id":"http:\/\/www.immobiliare-neuf.fr\/blog\/limmo-quartier\/quartiers-centre\/#breadcrumb","itemListElement":[{"@type":"ListItem","position":1,"name":"Accueil","item":"http:\/\/www.immobiliare-neuf.fr\/blog\/"},{"@type":"ListItem","position":2,"name":"L&rsquo;immo par quartier","item":"http:\/\/www.immobiliare-neuf.fr\/blog\/limmo-quartier\/"},{"@type":"ListItem","position":3,"name":"Quartiers Centre"}]}]}},"_links":{"self":[{"href":"http:\/\/www.immobiliare-neuf.fr\/blog\/wp-json\/wp\/v2\/pages\/466"}],"collection":[{"href":"http:\/\/www.immobiliare-neuf.fr\/blog\/wp-json\/wp\/v2\/pages"}],"about":[{"href":"http:\/\/www.immobiliare-neuf.fr\/blog\/wp-json\/wp\/v2\/types\/page"}],"author":[{"embeddable":true,"href":"http:\/\/www.immobiliare-neuf.fr\/blog\/wp-json\/wp\/v2\/users\/2"}],"replies":[{"embeddable":true,"href":"http:\/\/www.immobiliare-neuf.fr\/blog\/wp-json\/wp\/v2\/comments?post=466"}],"version-history":[{"count":23,"href":"http:\/\/www.immobiliare-neuf.fr\/blog\/wp-json\/wp\/v2\/pages\/466\/revisions"}],"predecessor-version":[{"id":3398,"href":"http:\/\/www.immobiliare-neuf.fr\/blog\/wp-json\/wp\/v2\/pages\/466\/revisions\/3398"}],"up":[{"embeddable":true,"href":"http:\/\/www.immobiliare-neuf.fr\/blog\/wp-json\/wp\/v2\/pages\/127"}],"wp:attachment":[{"href":"http:\/\/www.immobiliare-neuf.fr\/blog\/wp-json\/wp\/v2\/media?parent=466"}],"curies":[{"name":"wp","href":"https:\/\/api.w.org\/{rel}","templated":true}]}}