









{"id":148,"date":"2014-04-02T15:38:36","date_gmt":"2014-04-02T14:38:36","guid":{"rendered":"http:\/\/www.immobiliare-neuf.fr\/blog\/?page_id=148"},"modified":"2015-06-18T19:01:49","modified_gmt":"2015-06-18T18:01:49","slug":"gestion-patrimoine-immobilier","status":"publish","type":"page","link":"http:\/\/www.immobiliare-neuf.fr\/blog\/reussir-projet-immobilier\/gestion-patrimoine-immobilier\/","title":{"rendered":"Gestion de son patrimoine immobilier"},"content":{"rendered":"<p style=\"text-align: justify;\"><span style=\"font-size: 14pt;\"><em><span style=\"color: #333333;\">La recherche de locataires, la perception des loyers, l&rsquo;organisation des travaux, ou encore la ma\u00eetrise de la l\u00e9gislation en vigueur sont tant de missions incombant au propri\u00e9taire d&rsquo;un logement \u00e0 la location&#8230;<\/span><\/em><\/span><\/p>\n<p style=\"text-align: justify;\"><span style=\"color: #333333; font-size: 12pt;\">Si la gestion de son patrimoine immobilier n&rsquo;est pas une activit\u00e9 de tout repos, sachez que vous pouvez vous faire accompagner par les services d&rsquo;un cabinet de gestion dans toutes les \u00e9tapes de la gestion locative de vos biens. Une d\u00e9marche qui se r\u00e9v\u00e8le des plus utiles au regard d&rsquo;une l\u00e9gislation en permanente \u00e9volution d&rsquo;autant plus si \u00a0vous disposez de plusieurs logements \u00e0 la location&#8230;<\/span><\/p>\n<div style=\"text-align: justify;\"><span style=\"color: #ffffff;\">.<\/span><\/div>\n<div style=\"text-align: justify;\"><\/div>\n<p style=\"text-align: justify;\"><span style=\"color: #333333;\"><iframe loading=\"lazy\" src=\"\/\/www.youtube.com\/embed\/t2R1TTTZnVI?feature=player_embedded\" width=\"640\" height=\"360\" frameborder=\"0\" allowfullscreen=\"allowfullscreen\"><\/iframe><\/span><\/p>\n<p style=\"text-align: justify;\"><span style=\"color: #333333;\">\u00a0<\/span><\/p>\n<h3 style=\"text-align: justify;\" align=\"center\">\nUn cabinet de gestion locative \u00a0se chargera pour vous de :<\/h3>\n<div style=\"text-align: justify;\"><span style=\"color: #ffffff;\">.<\/span><\/div>\n<div style=\"text-align: justify;\"><span style=\"color: #ffffff;\">.<\/span><\/div>\n<div style=\"text-align: justify;\"><span style=\"color: #333333; font-size: 12pt;\">&#8211; Communiquer sur votre bien et de le mettre en valeur aupr\u00e8s d&rsquo;un public de locataires en recherche<\/span><\/div>\n<div style=\"text-align: justify;\"><span style=\"color: #ffffff; font-size: 12pt;\">.<\/span><\/div>\n<div style=\"text-align: justify;\"><span style=\"color: #333333; font-size: 12pt;\">&#8211; La pr\u00e9vention et la gestion d\u2019\u00e9ventuels impay\u00e9s via :<\/span><\/div>\n<div style=\"text-align: justify;\"><span style=\"font-size: 12pt;\">\u00a0<\/span><\/div>\n<div style=\"text-align: justify;\"><span style=\"color: #333333; font-size: 12pt;\">\u00a0 \u00a0* \u00a0 \u00a0 La s\u00e9lection de candidats locataires selon des crit\u00e8res de solvabilit\u00e9 conformes aux crit\u00e8res d&rsquo;assurance loyers \u00a0impay\u00e9s\u00a0avec pi\u00e8ces justificatives.<\/span><\/div>\n<div style=\"text-align: justify;\">\n<div><span style=\"color: #333333; font-size: 12pt;\">\u00a0 * \u00a0 \u00a0 Un\u00a0conseil d\u00e9di\u00e9 afin de vous permettre de choisir l&rsquo;assurance\u00a0loyers impay\u00e9s la plus en ad\u00e9quation avec vos besoins.<\/span><\/div>\n<div><span style=\"color: #333333; font-size: 12pt;\">\u00a0 * \u00a0 \u00a0 \u00a0Des relances et mise en demeure en cas d\u2019impay\u00e9s, ainsi que de la mise en oeuvre d&rsquo;\u00e9ventuelles proc\u00e9dures judiciaires.<\/span><\/div>\n<\/div>\n<div style=\"text-align: justify;\"><span style=\"color: #333333; font-size: 12pt;\"><strong>\u00a0<\/strong><\/span><\/div>\n<div style=\"text-align: justify;\"><span style=\"color: #333333; font-size: 12pt;\">&#8211;\u00a0Vous repr\u00e9senter en cas de travaux n\u00e9cessitant une intervention d\u2019urgence et effectuer un suivi des travaux<\/span><\/div>\n<div style=\"text-align: justify;\"><span style=\"color: #ffffff; font-size: 12pt;\">.<\/span><\/div>\n<div style=\"text-align: justify;\"><span style=\"color: #333333; font-size: 12pt;\">&#8211;\u00a0R\u00e9gler les charges de copropri\u00e9t\u00e9s<\/span><\/div>\n<div style=\"text-align: justify;\"><span style=\"color: #333333; font-size: 12pt;\"><strong>\u00a0<\/strong><\/span><\/div>\n<div style=\"text-align: justify;\"><span style=\"color: #333333; font-size: 12pt;\">&#8211;\u00a0Indexer le prix du loyer\u00a0sur l\u2019indice de r\u00e9f\u00e9rence des loyers \u00e0 la date anniversaire du contrat de location\u00a0via le calcul de l\u2019augmentation de loyer selon l\u2019indice en vigueur<\/span><\/div>\n<div style=\"text-align: justify;\"><span style=\"color: #ffffff; font-size: 12pt;\">.<\/span><\/div>\n<div style=\"text-align: justify;\"><span style=\"color: #333333; font-size: 12pt;\">&#8211;\u00a0Effectuer et vous informer des diff\u00e9rents diagnostics\u00a0techniques obligatoires \u00e0 la l\u00e9galit\u00e9 d\u2019un contrat de location en vigueur avec les nouvelles lois imposant 3 diagnostics principaux : le Diagnostic de Performance \u00c9nerg\u00e9tique, le Plan de Pr\u00e9vention des Risques, le Diagnostic Plomb<\/span><\/div>\n<div style=\"text-align: justify;\"><span style=\"color: #333333; font-size: 12pt;\"><strong>\u00a0<\/strong><\/span><\/div>\n<div style=\"text-align: justify;\"><span style=\"font-size: 12pt;\">\u00a0<\/span><\/div>\n<div style=\"text-align: justify;\"><span style=\"color: #333333; font-size: 12pt;\">&#8211; Mettre leur exp\u00e9rience au profit afin d&rsquo;une occupation de votre logement 365 jours par an afin de vous assurer un revenu locatif r\u00e9gulier et permanent<\/span><\/div>\n<div style=\"text-align: justify;\"><span style=\"color: #ffffff;\">.<\/span><\/div>\n<div style=\"text-align: justify;\"><span style=\"color: #ffffff;\">.<\/span><\/div>\n<div style=\"text-align: justify;\"><span style=\"color: #ffffff;\">.<\/span><\/div>\n<div style=\"text-align: justify;\"><span style=\"font-size: 12pt;\">Des questions\u00a0<span style=\"line-height: 1.5em;\">concernant les assurances locatives et les grilles tarifaires \u00e0 Toulouse\u00a0<\/span>?\u00a0Consultez <span style=\"color: #02a9b5;\">l&rsquo;<a style=\"color: #02a9b5;\" href=\"http:\/\/www.immobiliare-neuf.fr\/mode-emploi\/gestion-locative-immobiliare\" target=\"_blank\">offre de gestion locative Immobiliare<\/a>.<\/span><\/span><\/div>\n<div style=\"text-align: justify;\"><\/div>\n<div style=\"text-align: center;\"><span style=\"color: #ffffff;\">.<\/span><\/div>\n<div style=\"text-align: center;\"><\/div>\n<div style=\"text-align: justify;\"><\/div>\n<div style=\"text-align: justify;\"><\/div>\n","protected":false},"excerpt":{"rendered":"<p>La recherche de locataires, la perception des loyers, l&rsquo;organisation des travaux, ou encore la ma\u00eetrise de la l\u00e9gislation en vigueur sont tant de missions incombant au propri\u00e9taire d&rsquo;un logement \u00e0 la location&#8230; Si la gestion de son patrimoine immobilier n&rsquo;est pas une activit\u00e9 de tout repos, sachez que vous pouvez vous faire accompagner par les [&hellip;]<\/p>\n","protected":false},"author":2,"featured_media":0,"parent":124,"menu_order":0,"comment_status":"open","ping_status":"open","template":"","meta":{"_bbp_topic_count":0,"_bbp_reply_count":0,"_bbp_total_topic_count":0,"_bbp_total_reply_count":0,"_bbp_voice_count":0,"_bbp_anonymous_reply_count":0,"_bbp_topic_count_hidden":0,"_bbp_reply_count_hidden":0,"_bbp_forum_subforum_count":0,"footnotes":""},"yoast_head":"<!-- This site is optimized with the Yoast SEO plugin v17.7 - https:\/\/yoast.com\/wordpress\/plugins\/seo\/ -->\n<title>Gestion de son patrimoine immobilier - Toulouse Immo neuf<\/title>\n<meta name=\"description\" content=\"Gestion de son patrimoine immobilier Toulouse - Recherche de locataires, perception des loyers, organisation des travaux et connaissance de la l\u00e9gislation\" \/>\n<meta name=\"robots\" content=\"index, follow, max-snippet:-1, max-image-preview:large, max-video-preview:-1\" \/>\n<link rel=\"canonical\" href=\"http:\/\/www.immobiliare-neuf.fr\/blog\/reussir-projet-immobilier\/gestion-patrimoine-immobilier\/\" \/>\n<meta property=\"og:locale\" content=\"fr_FR\" \/>\n<meta property=\"og:type\" content=\"article\" \/>\n<meta property=\"og:title\" content=\"Gestion de son patrimoine immobilier - Toulouse Immo neuf\" \/>\n<meta property=\"og:description\" content=\"Gestion de son patrimoine immobilier Toulouse - Recherche de locataires, perception des loyers, organisation des travaux et connaissance de la l\u00e9gislation\" \/>\n<meta property=\"og:url\" content=\"http:\/\/www.immobiliare-neuf.fr\/blog\/reussir-projet-immobilier\/gestion-patrimoine-immobilier\/\" \/>\n<meta property=\"og:site_name\" content=\"Maisons et appartements neufs |Toulouse Immobilier neuf\" \/>\n<meta property=\"article:publisher\" content=\"https:\/\/www.facebook.com\/pages\/Immobiliare-31\/188363961250077?ref_type=bookmark\" \/>\n<meta property=\"article:modified_time\" content=\"2015-06-18T18:01:49+00:00\" \/>\n<meta name=\"twitter:label1\" content=\"Dur\u00e9e de lecture estim\u00e9e\" \/>\n\t<meta name=\"twitter:data1\" content=\"2 minutes\" \/>\n<script type=\"application\/ld+json\" class=\"yoast-schema-graph\">{\"@context\":\"https:\/\/schema.org\",\"@graph\":[{\"@type\":\"WebSite\",\"@id\":\"http:\/\/www.immobiliare-neuf.fr\/blog\/#website\",\"url\":\"http:\/\/www.immobiliare-neuf.fr\/blog\/\",\"name\":\"Maisons et appartements neufs |Toulouse Immobilier neuf\",\"description\":\"Toute l&#039;actu de l&#039;immobilier neuf \\u00e0 Toulouse !\",\"potentialAction\":[{\"@type\":\"SearchAction\",\"target\":{\"@type\":\"EntryPoint\",\"urlTemplate\":\"http:\/\/www.immobiliare-neuf.fr\/blog\/?s={search_term_string}\"},\"query-input\":\"required name=search_term_string\"}],\"inLanguage\":\"fr-FR\"},{\"@type\":\"WebPage\",\"@id\":\"http:\/\/www.immobiliare-neuf.fr\/blog\/reussir-projet-immobilier\/gestion-patrimoine-immobilier\/#webpage\",\"url\":\"http:\/\/www.immobiliare-neuf.fr\/blog\/reussir-projet-immobilier\/gestion-patrimoine-immobilier\/\",\"name\":\"Gestion de son patrimoine immobilier - Toulouse Immo neuf\",\"isPartOf\":{\"@id\":\"http:\/\/www.immobiliare-neuf.fr\/blog\/#website\"},\"datePublished\":\"2014-04-02T14:38:36+00:00\",\"dateModified\":\"2015-06-18T18:01:49+00:00\",\"description\":\"Gestion de son patrimoine immobilier Toulouse - Recherche de locataires, perception des loyers, organisation des travaux et connaissance de la l\\u00e9gislation\",\"breadcrumb\":{\"@id\":\"http:\/\/www.immobiliare-neuf.fr\/blog\/reussir-projet-immobilier\/gestion-patrimoine-immobilier\/#breadcrumb\"},\"inLanguage\":\"fr-FR\",\"potentialAction\":[{\"@type\":\"ReadAction\",\"target\":[\"http:\/\/www.immobiliare-neuf.fr\/blog\/reussir-projet-immobilier\/gestion-patrimoine-immobilier\/\"]}]},{\"@type\":\"BreadcrumbList\",\"@id\":\"http:\/\/www.immobiliare-neuf.fr\/blog\/reussir-projet-immobilier\/gestion-patrimoine-immobilier\/#breadcrumb\",\"itemListElement\":[{\"@type\":\"ListItem\",\"position\":1,\"name\":\"Accueil\",\"item\":\"http:\/\/www.immobiliare-neuf.fr\/blog\/\"},{\"@type\":\"ListItem\",\"position\":2,\"name\":\"R\\u00e9ussir son projet immobilier\",\"item\":\"http:\/\/www.immobiliare-neuf.fr\/blog\/reussir-projet-immobilier\/\"},{\"@type\":\"ListItem\",\"position\":3,\"name\":\"Gestion de son patrimoine immobilier\"}]}]}<\/script>\n<!-- \/ Yoast SEO plugin. -->","yoast_head_json":{"title":"Gestion de son patrimoine immobilier - Toulouse Immo neuf","description":"Gestion de son patrimoine immobilier Toulouse - Recherche de locataires, perception des loyers, organisation des travaux et connaissance de la l\u00e9gislation","robots":{"index":"index","follow":"follow","max-snippet":"max-snippet:-1","max-image-preview":"max-image-preview:large","max-video-preview":"max-video-preview:-1"},"canonical":"http:\/\/www.immobiliare-neuf.fr\/blog\/reussir-projet-immobilier\/gestion-patrimoine-immobilier\/","og_locale":"fr_FR","og_type":"article","og_title":"Gestion de son patrimoine immobilier - Toulouse Immo neuf","og_description":"Gestion de son patrimoine immobilier Toulouse - Recherche de locataires, perception des loyers, organisation des travaux et connaissance de la l\u00e9gislation","og_url":"http:\/\/www.immobiliare-neuf.fr\/blog\/reussir-projet-immobilier\/gestion-patrimoine-immobilier\/","og_site_name":"Maisons et appartements neufs |Toulouse Immobilier neuf","article_publisher":"https:\/\/www.facebook.com\/pages\/Immobiliare-31\/188363961250077?ref_type=bookmark","article_modified_time":"2015-06-18T18:01:49+00:00","twitter_misc":{"Dur\u00e9e de lecture estim\u00e9e":"2 minutes"},"schema":{"@context":"https:\/\/schema.org","@graph":[{"@type":"WebSite","@id":"http:\/\/www.immobiliare-neuf.fr\/blog\/#website","url":"http:\/\/www.immobiliare-neuf.fr\/blog\/","name":"Maisons et appartements neufs |Toulouse Immobilier neuf","description":"Toute l&#039;actu de l&#039;immobilier neuf \u00e0 Toulouse !","potentialAction":[{"@type":"SearchAction","target":{"@type":"EntryPoint","urlTemplate":"http:\/\/www.immobiliare-neuf.fr\/blog\/?s={search_term_string}"},"query-input":"required name=search_term_string"}],"inLanguage":"fr-FR"},{"@type":"WebPage","@id":"http:\/\/www.immobiliare-neuf.fr\/blog\/reussir-projet-immobilier\/gestion-patrimoine-immobilier\/#webpage","url":"http:\/\/www.immobiliare-neuf.fr\/blog\/reussir-projet-immobilier\/gestion-patrimoine-immobilier\/","name":"Gestion de son patrimoine immobilier - Toulouse Immo neuf","isPartOf":{"@id":"http:\/\/www.immobiliare-neuf.fr\/blog\/#website"},"datePublished":"2014-04-02T14:38:36+00:00","dateModified":"2015-06-18T18:01:49+00:00","description":"Gestion de son patrimoine immobilier Toulouse - Recherche de locataires, perception des loyers, organisation des travaux et connaissance de la l\u00e9gislation","breadcrumb":{"@id":"http:\/\/www.immobiliare-neuf.fr\/blog\/reussir-projet-immobilier\/gestion-patrimoine-immobilier\/#breadcrumb"},"inLanguage":"fr-FR","potentialAction":[{"@type":"ReadAction","target":["http:\/\/www.immobiliare-neuf.fr\/blog\/reussir-projet-immobilier\/gestion-patrimoine-immobilier\/"]}]},{"@type":"BreadcrumbList","@id":"http:\/\/www.immobiliare-neuf.fr\/blog\/reussir-projet-immobilier\/gestion-patrimoine-immobilier\/#breadcrumb","itemListElement":[{"@type":"ListItem","position":1,"name":"Accueil","item":"http:\/\/www.immobiliare-neuf.fr\/blog\/"},{"@type":"ListItem","position":2,"name":"R\u00e9ussir son projet immobilier","item":"http:\/\/www.immobiliare-neuf.fr\/blog\/reussir-projet-immobilier\/"},{"@type":"ListItem","position":3,"name":"Gestion de son patrimoine immobilier"}]}]}},"_links":{"self":[{"href":"http:\/\/www.immobiliare-neuf.fr\/blog\/wp-json\/wp\/v2\/pages\/148"}],"collection":[{"href":"http:\/\/www.immobiliare-neuf.fr\/blog\/wp-json\/wp\/v2\/pages"}],"about":[{"href":"http:\/\/www.immobiliare-neuf.fr\/blog\/wp-json\/wp\/v2\/types\/page"}],"author":[{"embeddable":true,"href":"http:\/\/www.immobiliare-neuf.fr\/blog\/wp-json\/wp\/v2\/users\/2"}],"replies":[{"embeddable":true,"href":"http:\/\/www.immobiliare-neuf.fr\/blog\/wp-json\/wp\/v2\/comments?post=148"}],"version-history":[{"count":2,"href":"http:\/\/www.immobiliare-neuf.fr\/blog\/wp-json\/wp\/v2\/pages\/148\/revisions"}],"predecessor-version":[{"id":2449,"href":"http:\/\/www.immobiliare-neuf.fr\/blog\/wp-json\/wp\/v2\/pages\/148\/revisions\/2449"}],"up":[{"embeddable":true,"href":"http:\/\/www.immobiliare-neuf.fr\/blog\/wp-json\/wp\/v2\/pages\/124"}],"wp:attachment":[{"href":"http:\/\/www.immobiliare-neuf.fr\/blog\/wp-json\/wp\/v2\/media?parent=148"}],"curies":[{"name":"wp","href":"https:\/\/api.w.org\/{rel}","templated":true}]}}