









{"id":146,"date":"2014-04-02T15:37:29","date_gmt":"2014-04-02T14:37:29","guid":{"rendered":"http:\/\/www.immobiliare-neuf.fr\/blog\/?page_id=146"},"modified":"2015-06-19T09:32:31","modified_gmt":"2015-06-19T08:32:31","slug":"acheter","status":"publish","type":"page","link":"http:\/\/www.immobiliare-neuf.fr\/blog\/reussir-projet-immobilier\/acheter\/","title":{"rendered":"Acheter dans le neuf"},"content":{"rendered":"<p>&nbsp;<\/p>\n<p>&nbsp;<\/p>\n<p><span style=\"color: #000000;\"><iframe loading=\"lazy\" src=\"\/\/www.youtube.com\/embed\/b-t03kAV95E?feature=player_embedded\" width=\"640\" height=\"360\" frameborder=\"0\" allowfullscreen=\"allowfullscreen\"><\/iframe><span style=\"color: #ffffff; font-size: 1.17em; text-align: justify; line-height: 1.5em;\">.<\/span><\/span><\/p>\n<h3 style=\"text-align: justify;\"><span style=\"color: #ffffff;\">.<\/span><\/h3>\n<h3 style=\"text-align: justify;\"><\/h3>\n<h3>\u00a0\u00a0<span style=\"color: #000000;\">1. \u00a0Son budget et possibilit\u00e9s de financement\u00a0<\/span><\/h3>\n<p><span style=\"color: #ffffff;\">.<\/span><\/p>\n<p style=\"text-align: justify;\"><span style=\"color: #000000; font-size: 12pt;\">Comment allez-vous et pouvez-vous financer l&rsquo;achat de votre futur logement neuf ?\u00a0Si\u00a0vous souhaitez par exemple revendre votre actuel logement en vue de votre nouvel achat immobilier, faites-le estimer par 2 professionnels de l&rsquo;immobilier.\u00a0Concernant les solutions de pr\u00eats et la d\u00e9finition exacte de votre budget,\u00a0fiez-vous \u00e0 l&rsquo;expertise de courtiers de pr\u00eats ind\u00e9pendants.\u00a0Et bien d&rsquo;autres questions \u00e0 se poser : Etes-vous \u00e9ligible au PTZ + ? etc&#8230;<\/span><\/p>\n<p><span style=\"color: #ffffff;\">.<\/span><\/p>\n<p style=\"text-align: justify;\"><span style=\"color: #ffffff;\">.<\/span><\/p>\n<h3 style=\"text-align: justify;\"><span style=\"color: #000000;\"><strong style=\"text-align: justify;\">2. \u00a0L&#8217;emplacement\u00a0<\/strong><\/span><\/h3>\n<p style=\"text-align: justify;\"><span style=\"color: #000000;\"><b><br \/>\n<\/b><span style=\"text-align: justify; font-size: 12pt;\">D\u00e9finissez et hi\u00e9rarchisez les villes et quartiers dans lesquels vous souhaitez habiter. Pour cela n&rsquo;oubliez pas de d\u00e9terminer quelles sont les infrastructures indispensables \u00e0 votre mode de vie : proximit\u00e9 des transports ? des \u00e9coles ? des commerces ? d&rsquo;\u00e9quipements sportifs\u2026..<\/span><\/span><\/p>\n<h3 style=\"text-align: justify;\"><\/h3>\n<p>&nbsp;<\/p>\n<h3 style=\"text-align: justify;\"><span style=\"color: #000000;\"> <strong style=\"text-align: justify;\">3. Vos besoins r\u00e9els\u00a0<\/strong><\/span><\/h3>\n<p style=\"text-align: justify;\"><span style=\"color: #000000;\">\u00a0<\/span><\/p>\n<p style=\"text-align: justify;\"><span style=\"text-align: justify; line-height: 1.5em; color: #000000; font-size: 12pt;\">D\u00e9terminez quelles prestations sont indispensables\u00a0\u00e0 votre besoin familial\u00a0: surface minimum du logement ? nombre de chambres ? disposer d&rsquo;un jardin ? d&rsquo;une cuisine ferm\u00e9e ? d&rsquo;un parking s\u00e9curis\u00e9 ? etc&#8230;<\/span><\/p>\n<p style=\"text-align: justify;\"><span style=\"color: #ffffff;\">.<\/span><\/p>\n<p style=\"text-align: justify;\"><span style=\"color: #ffffff;\">.<\/span><\/p>\n<h3 style=\"text-align: justify;\"><span style=\"color: #ffffff;\"><strong style=\"text-align: justify;\">\u00a0<\/strong><\/span><strong style=\"font-size: 1.17em;\">4. Le choix du promoteur\u00a0<\/strong><\/h3>\n<p style=\"text-align: justify;\"><span style=\"color: #000000;\">\u00a0<\/span><\/p>\n<p style=\"text-align: justify;\"><span style=\"color: #000000; font-size: 12pt;\">Choisir un promoteur reconnu, c&rsquo;est s&rsquo;assurer de garanties financi\u00e8res et d&rsquo;un bon ach\u00e8vement du programme immobilier. Mais c&rsquo;est aussi un gage de qualit\u00e9 de construction voire la possibilit\u00e9 de pouvoir de personnaliser les plans selon votre mode de vie.<\/span><\/p>\n<h3 style=\"text-align: justify;\"><span style=\"text-align: justify; color: #ffffff;\">.\u00a0<\/span><\/h3>\n<h3 style=\"text-align: justify;\"><span style=\"color: #ffffff;\">.<\/span><\/h3>\n<h3 style=\"text-align: justify;\"><strong><strong>5. \u00a0Faire appel \u00e0 un sp\u00e9cialiste de l&rsquo;immobilier neuf<\/strong><\/strong><\/h3>\n<p style=\"text-align: justify;\"><span style=\"color: #000000;\">\u00a0<\/span><\/p>\n<p style=\"text-align: justify;\"><span style=\"color: #000000; font-size: 12pt;\"><span style=\"color: #000000;\">L&rsquo;achat d&rsquo;un bien immobilier neuf<\/span> est un projet de vie qui se m\u00fbrit et qui n\u00e9cessite un v\u00e9ritable accompagnement enti\u00e8rement personnalis\u00e9 des pr\u00e9misses de la r\u00e9flexion \u00e0 sa finalisation. Se fier \u00e0 l&rsquo;expertise de professionnels qui disposent d&rsquo;une vision globale du march\u00e9, c&rsquo;est augmenter ses chances de trouver en toute s\u00e9r\u00e9nit\u00e9 le bien immobilier qui correspond parfaitement \u00e0 ses besoins.<\/span><\/p>\n<p style=\"text-align: justify;\"><span style=\"color: #ffffff;\">.<\/span><\/p>\n<p style=\"text-align: justify;\"><span style=\"color: #ffffff;\">.<\/span><\/p>\n<p style=\"text-align: justify;\">&#8212;&#8212;&#8212;&#8212;&#8212;&#8212;&#8212;&#8212;&#8212;<\/p>\n<p style=\"text-align: justify;\"><em>Acheter neuf<\/em><\/p>\n<p style=\"text-align: justify;\"><span style=\"text-align: justify; color: #000000;\">\u00a0<\/span><\/p>\n<p><span style=\"color: #000000;\">\u00a0<\/span><\/p>\n","protected":false},"excerpt":{"rendered":"<p>&nbsp; &nbsp; . . \u00a0\u00a01. \u00a0Son budget et possibilit\u00e9s de financement\u00a0 . Comment allez-vous et pouvez-vous financer l&rsquo;achat de votre futur logement neuf ?\u00a0Si\u00a0vous souhaitez par exemple revendre votre actuel logement en vue de votre nouvel achat immobilier, faites-le estimer par 2 professionnels de l&rsquo;immobilier.\u00a0Concernant les solutions de pr\u00eats et la d\u00e9finition exacte de votre [&hellip;]<\/p>\n","protected":false},"author":2,"featured_media":0,"parent":124,"menu_order":0,"comment_status":"open","ping_status":"open","template":"","meta":{"_bbp_topic_count":0,"_bbp_reply_count":0,"_bbp_total_topic_count":0,"_bbp_total_reply_count":0,"_bbp_voice_count":0,"_bbp_anonymous_reply_count":0,"_bbp_topic_count_hidden":0,"_bbp_reply_count_hidden":0,"_bbp_forum_subforum_count":0,"footnotes":""},"yoast_head":"<!-- This site is optimized with the Yoast SEO plugin v17.7 - https:\/\/yoast.com\/wordpress\/plugins\/seo\/ -->\n<title>Immobilier : Acheter neuf en toute s\u00e9r\u00e9nit\u00e9 ? Nos 5 conseils<\/title>\n<meta name=\"description\" content=\"Immobilier : Acheter neuf ? Nos 5 conseils pour acheter sereinement et concr\u00e9tiser ses projets immobiliers neufs en toute s\u00e9curit\u00e9. Budget, emplacement,...\" \/>\n<meta name=\"robots\" content=\"index, follow, max-snippet:-1, max-image-preview:large, max-video-preview:-1\" \/>\n<link rel=\"canonical\" href=\"http:\/\/www.immobiliare-neuf.fr\/blog\/reussir-projet-immobilier\/acheter\/\" \/>\n<meta property=\"og:locale\" content=\"fr_FR\" \/>\n<meta property=\"og:type\" content=\"article\" \/>\n<meta property=\"og:title\" content=\"Immobilier : Acheter neuf en toute s\u00e9r\u00e9nit\u00e9 ? Nos 5 conseils\" \/>\n<meta property=\"og:description\" content=\"Immobilier : Acheter neuf ? Nos 5 conseils pour acheter sereinement et concr\u00e9tiser ses projets immobiliers neufs en toute s\u00e9curit\u00e9. Budget, emplacement,...\" \/>\n<meta property=\"og:url\" content=\"http:\/\/www.immobiliare-neuf.fr\/blog\/reussir-projet-immobilier\/acheter\/\" \/>\n<meta property=\"og:site_name\" content=\"Maisons et appartements neufs |Toulouse Immobilier neuf\" \/>\n<meta property=\"article:publisher\" content=\"https:\/\/www.facebook.com\/pages\/Immobiliare-31\/188363961250077?ref_type=bookmark\" \/>\n<meta property=\"article:modified_time\" content=\"2015-06-19T08:32:31+00:00\" \/>\n<meta name=\"twitter:label1\" content=\"Dur\u00e9e de lecture estim\u00e9e\" \/>\n\t<meta name=\"twitter:data1\" content=\"1 minute\" \/>\n<script type=\"application\/ld+json\" class=\"yoast-schema-graph\">{\"@context\":\"https:\/\/schema.org\",\"@graph\":[{\"@type\":\"WebSite\",\"@id\":\"http:\/\/www.immobiliare-neuf.fr\/blog\/#website\",\"url\":\"http:\/\/www.immobiliare-neuf.fr\/blog\/\",\"name\":\"Maisons et appartements neufs |Toulouse Immobilier neuf\",\"description\":\"Toute l&#039;actu de l&#039;immobilier neuf \\u00e0 Toulouse !\",\"potentialAction\":[{\"@type\":\"SearchAction\",\"target\":{\"@type\":\"EntryPoint\",\"urlTemplate\":\"http:\/\/www.immobiliare-neuf.fr\/blog\/?s={search_term_string}\"},\"query-input\":\"required name=search_term_string\"}],\"inLanguage\":\"fr-FR\"},{\"@type\":\"WebPage\",\"@id\":\"http:\/\/www.immobiliare-neuf.fr\/blog\/reussir-projet-immobilier\/acheter\/#webpage\",\"url\":\"http:\/\/www.immobiliare-neuf.fr\/blog\/reussir-projet-immobilier\/acheter\/\",\"name\":\"Immobilier : Acheter neuf en toute s\\u00e9r\\u00e9nit\\u00e9 ? Nos 5 conseils\",\"isPartOf\":{\"@id\":\"http:\/\/www.immobiliare-neuf.fr\/blog\/#website\"},\"datePublished\":\"2014-04-02T14:37:29+00:00\",\"dateModified\":\"2015-06-19T08:32:31+00:00\",\"description\":\"Immobilier : Acheter neuf ? Nos 5 conseils pour acheter sereinement et concr\\u00e9tiser ses projets immobiliers neufs en toute s\\u00e9curit\\u00e9. Budget, emplacement,...\",\"breadcrumb\":{\"@id\":\"http:\/\/www.immobiliare-neuf.fr\/blog\/reussir-projet-immobilier\/acheter\/#breadcrumb\"},\"inLanguage\":\"fr-FR\",\"potentialAction\":[{\"@type\":\"ReadAction\",\"target\":[\"http:\/\/www.immobiliare-neuf.fr\/blog\/reussir-projet-immobilier\/acheter\/\"]}]},{\"@type\":\"BreadcrumbList\",\"@id\":\"http:\/\/www.immobiliare-neuf.fr\/blog\/reussir-projet-immobilier\/acheter\/#breadcrumb\",\"itemListElement\":[{\"@type\":\"ListItem\",\"position\":1,\"name\":\"Accueil\",\"item\":\"http:\/\/www.immobiliare-neuf.fr\/blog\/\"},{\"@type\":\"ListItem\",\"position\":2,\"name\":\"R\\u00e9ussir son projet immobilier\",\"item\":\"http:\/\/www.immobiliare-neuf.fr\/blog\/reussir-projet-immobilier\/\"},{\"@type\":\"ListItem\",\"position\":3,\"name\":\"Acheter dans le neuf\"}]}]}<\/script>\n<!-- \/ Yoast SEO plugin. -->","yoast_head_json":{"title":"Immobilier : Acheter neuf en toute s\u00e9r\u00e9nit\u00e9 ? Nos 5 conseils","description":"Immobilier : Acheter neuf ? Nos 5 conseils pour acheter sereinement et concr\u00e9tiser ses projets immobiliers neufs en toute s\u00e9curit\u00e9. Budget, emplacement,...","robots":{"index":"index","follow":"follow","max-snippet":"max-snippet:-1","max-image-preview":"max-image-preview:large","max-video-preview":"max-video-preview:-1"},"canonical":"http:\/\/www.immobiliare-neuf.fr\/blog\/reussir-projet-immobilier\/acheter\/","og_locale":"fr_FR","og_type":"article","og_title":"Immobilier : Acheter neuf en toute s\u00e9r\u00e9nit\u00e9 ? Nos 5 conseils","og_description":"Immobilier : Acheter neuf ? Nos 5 conseils pour acheter sereinement et concr\u00e9tiser ses projets immobiliers neufs en toute s\u00e9curit\u00e9. Budget, emplacement,...","og_url":"http:\/\/www.immobiliare-neuf.fr\/blog\/reussir-projet-immobilier\/acheter\/","og_site_name":"Maisons et appartements neufs |Toulouse Immobilier neuf","article_publisher":"https:\/\/www.facebook.com\/pages\/Immobiliare-31\/188363961250077?ref_type=bookmark","article_modified_time":"2015-06-19T08:32:31+00:00","twitter_misc":{"Dur\u00e9e de lecture estim\u00e9e":"1 minute"},"schema":{"@context":"https:\/\/schema.org","@graph":[{"@type":"WebSite","@id":"http:\/\/www.immobiliare-neuf.fr\/blog\/#website","url":"http:\/\/www.immobiliare-neuf.fr\/blog\/","name":"Maisons et appartements neufs |Toulouse Immobilier neuf","description":"Toute l&#039;actu de l&#039;immobilier neuf \u00e0 Toulouse !","potentialAction":[{"@type":"SearchAction","target":{"@type":"EntryPoint","urlTemplate":"http:\/\/www.immobiliare-neuf.fr\/blog\/?s={search_term_string}"},"query-input":"required name=search_term_string"}],"inLanguage":"fr-FR"},{"@type":"WebPage","@id":"http:\/\/www.immobiliare-neuf.fr\/blog\/reussir-projet-immobilier\/acheter\/#webpage","url":"http:\/\/www.immobiliare-neuf.fr\/blog\/reussir-projet-immobilier\/acheter\/","name":"Immobilier : Acheter neuf en toute s\u00e9r\u00e9nit\u00e9 ? Nos 5 conseils","isPartOf":{"@id":"http:\/\/www.immobiliare-neuf.fr\/blog\/#website"},"datePublished":"2014-04-02T14:37:29+00:00","dateModified":"2015-06-19T08:32:31+00:00","description":"Immobilier : Acheter neuf ? Nos 5 conseils pour acheter sereinement et concr\u00e9tiser ses projets immobiliers neufs en toute s\u00e9curit\u00e9. Budget, emplacement,...","breadcrumb":{"@id":"http:\/\/www.immobiliare-neuf.fr\/blog\/reussir-projet-immobilier\/acheter\/#breadcrumb"},"inLanguage":"fr-FR","potentialAction":[{"@type":"ReadAction","target":["http:\/\/www.immobiliare-neuf.fr\/blog\/reussir-projet-immobilier\/acheter\/"]}]},{"@type":"BreadcrumbList","@id":"http:\/\/www.immobiliare-neuf.fr\/blog\/reussir-projet-immobilier\/acheter\/#breadcrumb","itemListElement":[{"@type":"ListItem","position":1,"name":"Accueil","item":"http:\/\/www.immobiliare-neuf.fr\/blog\/"},{"@type":"ListItem","position":2,"name":"R\u00e9ussir son projet immobilier","item":"http:\/\/www.immobiliare-neuf.fr\/blog\/reussir-projet-immobilier\/"},{"@type":"ListItem","position":3,"name":"Acheter dans le neuf"}]}]}},"_links":{"self":[{"href":"http:\/\/www.immobiliare-neuf.fr\/blog\/wp-json\/wp\/v2\/pages\/146"}],"collection":[{"href":"http:\/\/www.immobiliare-neuf.fr\/blog\/wp-json\/wp\/v2\/pages"}],"about":[{"href":"http:\/\/www.immobiliare-neuf.fr\/blog\/wp-json\/wp\/v2\/types\/page"}],"author":[{"embeddable":true,"href":"http:\/\/www.immobiliare-neuf.fr\/blog\/wp-json\/wp\/v2\/users\/2"}],"replies":[{"embeddable":true,"href":"http:\/\/www.immobiliare-neuf.fr\/blog\/wp-json\/wp\/v2\/comments?post=146"}],"version-history":[{"count":8,"href":"http:\/\/www.immobiliare-neuf.fr\/blog\/wp-json\/wp\/v2\/pages\/146\/revisions"}],"predecessor-version":[{"id":2453,"href":"http:\/\/www.immobiliare-neuf.fr\/blog\/wp-json\/wp\/v2\/pages\/146\/revisions\/2453"}],"up":[{"embeddable":true,"href":"http:\/\/www.immobiliare-neuf.fr\/blog\/wp-json\/wp\/v2\/pages\/124"}],"wp:attachment":[{"href":"http:\/\/www.immobiliare-neuf.fr\/blog\/wp-json\/wp\/v2\/media?parent=146"}],"curies":[{"name":"wp","href":"https:\/\/api.w.org\/{rel}","templated":true}]}}