









{"id":10,"date":"2014-03-27T17:46:29","date_gmt":"2014-03-27T16:46:29","guid":{"rendered":"http:\/\/www.immobiliare-neuf.fr\/blog\/?page_id=10"},"modified":"2015-05-22T16:27:14","modified_gmt":"2015-05-22T15:27:14","slug":"nouscontacter","status":"publish","type":"page","link":"http:\/\/www.immobiliare-neuf.fr\/blog\/nouscontacter\/","title":{"rendered":"Contact"},"content":{"rendered":"<p><span style=\"font-size: 12pt;\">Une question, une suggestion \u00a0? Remplissez le formulaire ci-dessous !<\/span><br \/>\n<span style=\"font-size: 12pt;\"> Nos \u00e9quipes vous r\u00e9pondent dans les meilleurs d\u00e9lais.<\/span><\/p>\n<h4><\/h4>\n<address><span style=\"color: #333333;\"><span style=\"color: #333333;\"><div role=\"form\" class=\"wpcf7\" id=\"wpcf7-f9-o1\" lang=\"fr-FR\" dir=\"ltr\">\n<div class=\"screen-reader-response\"><p role=\"status\" aria-live=\"polite\" aria-atomic=\"true\"><\/p> <ul><\/ul><\/div>\n<form action=\"\/blog\/wp-json\/wp\/v2\/pages\/10#wpcf7-f9-o1\" method=\"post\" class=\"wpcf7-form init\" novalidate=\"novalidate\" data-status=\"init\">\n<div style=\"display: none;\">\n<input type=\"hidden\" name=\"_wpcf7\" value=\"9\" \/>\n<input type=\"hidden\" name=\"_wpcf7_version\" value=\"5.5.3\" \/>\n<input type=\"hidden\" name=\"_wpcf7_locale\" value=\"fr_FR\" \/>\n<input type=\"hidden\" name=\"_wpcf7_unit_tag\" value=\"wpcf7-f9-o1\" \/>\n<input type=\"hidden\" name=\"_wpcf7_container_post\" value=\"0\" \/>\n<input type=\"hidden\" name=\"_wpcf7_posted_data_hash\" value=\"\" \/>\n<\/div>\n<p>Votre Nom (obligatoire)<br \/>\n    <span class=\"wpcf7-form-control-wrap your-name\"><input type=\"text\" name=\"your-name\" value=\"\" size=\"40\" class=\"wpcf7-form-control wpcf7-text wpcf7-validates-as-required\" aria-required=\"true\" aria-invalid=\"false\" \/><\/span> <\/p>\n<p>Votre Email (obligatoire)<br \/>\n    <span class=\"wpcf7-form-control-wrap your-email\"><input type=\"email\" name=\"your-email\" value=\"\" size=\"40\" class=\"wpcf7-form-control wpcf7-text wpcf7-email wpcf7-validates-as-required wpcf7-validates-as-email\" aria-required=\"true\" aria-invalid=\"false\" \/><\/span> <\/p>\n<p>Votre T\u00e9l\u00e9phone (obligatoire)<br \/>\n         <span class=\"wpcf7-form-control-wrap tel-618\"><input type=\"tel\" name=\"tel-618\" value=\"\" size=\"40\" class=\"wpcf7-form-control wpcf7-text wpcf7-tel wpcf7-validates-as-required wpcf7-validates-as-tel\" aria-required=\"true\" aria-invalid=\"false\" \/><\/span> <\/p>\n<p>Votre Message<br \/>\n    <span class=\"wpcf7-form-control-wrap your-message\"><textarea name=\"your-message\" cols=\"40\" rows=\"10\" class=\"wpcf7-form-control wpcf7-textarea\" aria-invalid=\"false\"><\/textarea><\/span> <\/p>\n<p><input type=\"hidden\" name=\"_wpcf7_captcha_challenge_Captcha\" value=\"1\" \/><img loading=\"lazy\" decoding=\"async\" class=\"wpcf7-form-control wpcf7-captchac wpcf7-captcha-Captcha\" width=\"72\" height=\"24\" alt=\"captcha\" src=\"http:\/\/www.immobiliare-neuf.fr\/blog\/wp-content\/uploads\/wpcf7_captcha\/1.png\" \/><br \/>\nCaptcha : <span class=\"wpcf7-form-control-wrap Captcha\"><input type=\"text\" name=\"Captcha\" value=\"\" size=\"40\" class=\"wpcf7-form-control wpcf7-captchar\" autocomplete=\"off\" aria-invalid=\"false\" \/><\/span><\/p>\n<p><input type=\"submit\" value=\"Envoyer\" class=\"wpcf7-form-control has-spinner wpcf7-submit\" \/><\/p>\n<p style=\"display: none !important;\"><label>&#916;<textarea name=\"_wpcf7_ak_hp_textarea\" cols=\"45\" rows=\"8\" maxlength=\"100\"><\/textarea><\/label><input type=\"hidden\" id=\"ak_js\" name=\"_wpcf7_ak_js\" value=\"198\"\/><script>document.getElementById( \"ak_js\" ).setAttribute( \"value\", ( new Date() ).getTime() );<\/script><\/p><div class=\"wpcf7-response-output\" aria-hidden=\"true\"><\/div><\/form><\/div><\/span><\/span><\/address>\n<address><span style=\"color: #ffffff;\">.<\/span><\/address>\n<address><span style=\"color: #ffffff;\">.<\/span><\/address>\n<address><span style=\"color: #333333; font-size: 10pt;\">Les informations communiqu\u00e9es sont destin\u00e9es \u00e0 l&rsquo;Agence immobili\u00e8re \u00e9ditrice de ce site. Vous b\u00e9n\u00e9ficiez d&rsquo;un droit d&rsquo;acc\u00e8s, de modification, de rectification et de suppression de vos donn\u00e9es personnelles (Loi n\u00b02004-575 du 21 juin 2004 pour la confiance dans l&rsquo;\u00e9conomie num\u00e9rique). Pour les exercer, adressez-vous \u00e0 <span style=\"text-decoration: underline;\"><a title=\"Mentions L\u00e9gales\" href=\"http:\/\/www.immobiliare-neuf.fr\/blog\/mentions-legales\/\"><span style=\"color: #333333; text-decoration: underline;\">l&rsquo;adresse de l&rsquo;Editeur.<\/span><\/a>\u00a0<\/span><\/span><\/address>\n","protected":false},"excerpt":{"rendered":"<p>Une question, une suggestion \u00a0? Remplissez le formulaire ci-dessous ! Nos \u00e9quipes vous r\u00e9pondent dans les meilleurs d\u00e9lais. . . Les informations communiqu\u00e9es sont destin\u00e9es \u00e0 l&rsquo;Agence immobili\u00e8re \u00e9ditrice de ce site. Vous b\u00e9n\u00e9ficiez d&rsquo;un droit d&rsquo;acc\u00e8s, de modification, de rectification et de suppression de vos donn\u00e9es personnelles (Loi n\u00b02004-575 du 21 juin 2004 pour [&hellip;]<\/p>\n","protected":false},"author":2,"featured_media":0,"parent":0,"menu_order":0,"comment_status":"open","ping_status":"open","template":"","meta":{"_bbp_topic_count":0,"_bbp_reply_count":0,"_bbp_total_topic_count":0,"_bbp_total_reply_count":0,"_bbp_voice_count":0,"_bbp_anonymous_reply_count":0,"_bbp_topic_count_hidden":0,"_bbp_reply_count_hidden":0,"_bbp_forum_subforum_count":0,"footnotes":""},"yoast_head":"<!-- This site is optimized with the Yoast SEO plugin v17.7 - https:\/\/yoast.com\/wordpress\/plugins\/seo\/ -->\n<title>Contact Toulouse immobilier neuf<\/title>\n<meta name=\"description\" content=\"Contact Toulouse immobilier neuf - Contactez le sp\u00e9cialiste de l&#039;immobilier neuf sur Toulouse et sa r\u00e9gion\" \/>\n<meta name=\"robots\" content=\"index, follow, max-snippet:-1, max-image-preview:large, max-video-preview:-1\" \/>\n<link rel=\"canonical\" href=\"https:\/\/www.immobiliare-neuf.fr\/blog\/nouscontacter\/\" \/>\n<meta property=\"og:locale\" content=\"fr_FR\" \/>\n<meta property=\"og:type\" content=\"article\" \/>\n<meta property=\"og:title\" content=\"Contact Toulouse immobilier neuf\" \/>\n<meta property=\"og:description\" content=\"Contact Toulouse immobilier neuf - Contactez le sp\u00e9cialiste de l&#039;immobilier neuf sur Toulouse et sa r\u00e9gion\" \/>\n<meta property=\"og:url\" content=\"https:\/\/www.immobiliare-neuf.fr\/blog\/nouscontacter\/\" \/>\n<meta property=\"og:site_name\" content=\"Maisons et appartements neufs |Toulouse Immobilier neuf\" \/>\n<meta property=\"article:publisher\" content=\"https:\/\/www.facebook.com\/pages\/Immobiliare-31\/188363961250077?ref_type=bookmark\" \/>\n<meta property=\"article:modified_time\" content=\"2015-05-22T15:27:14+00:00\" \/>\n<script type=\"application\/ld+json\" class=\"yoast-schema-graph\">{\"@context\":\"https:\/\/schema.org\",\"@graph\":[{\"@type\":\"WebSite\",\"@id\":\"https:\/\/www.immobiliare-neuf.fr\/blog\/#website\",\"url\":\"https:\/\/www.immobiliare-neuf.fr\/blog\/\",\"name\":\"Maisons et appartements neufs |Toulouse Immobilier neuf\",\"description\":\"Toute l&#039;actu de l&#039;immobilier neuf \\u00e0 Toulouse !\",\"potentialAction\":[{\"@type\":\"SearchAction\",\"target\":{\"@type\":\"EntryPoint\",\"urlTemplate\":\"https:\/\/www.immobiliare-neuf.fr\/blog\/?s={search_term_string}\"},\"query-input\":\"required name=search_term_string\"}],\"inLanguage\":\"fr-FR\"},{\"@type\":\"WebPage\",\"@id\":\"https:\/\/www.immobiliare-neuf.fr\/blog\/nouscontacter\/#webpage\",\"url\":\"https:\/\/www.immobiliare-neuf.fr\/blog\/nouscontacter\/\",\"name\":\"Contact Toulouse immobilier neuf\",\"isPartOf\":{\"@id\":\"https:\/\/www.immobiliare-neuf.fr\/blog\/#website\"},\"datePublished\":\"2014-03-27T16:46:29+00:00\",\"dateModified\":\"2015-05-22T15:27:14+00:00\",\"description\":\"Contact Toulouse immobilier neuf - Contactez le sp\\u00e9cialiste de l'immobilier neuf sur Toulouse et sa r\\u00e9gion\",\"breadcrumb\":{\"@id\":\"https:\/\/www.immobiliare-neuf.fr\/blog\/nouscontacter\/#breadcrumb\"},\"inLanguage\":\"fr-FR\",\"potentialAction\":[{\"@type\":\"ReadAction\",\"target\":[\"https:\/\/www.immobiliare-neuf.fr\/blog\/nouscontacter\/\"]}]},{\"@type\":\"BreadcrumbList\",\"@id\":\"https:\/\/www.immobiliare-neuf.fr\/blog\/nouscontacter\/#breadcrumb\",\"itemListElement\":[{\"@type\":\"ListItem\",\"position\":1,\"name\":\"Accueil\",\"item\":\"https:\/\/www.immobiliare-neuf.fr\/blog\/\"},{\"@type\":\"ListItem\",\"position\":2,\"name\":\"Contact\"}]}]}<\/script>\n<!-- \/ Yoast SEO plugin. -->","yoast_head_json":{"title":"Contact Toulouse immobilier neuf","description":"Contact Toulouse immobilier neuf - Contactez le sp\u00e9cialiste de l'immobilier neuf sur Toulouse et sa r\u00e9gion","robots":{"index":"index","follow":"follow","max-snippet":"max-snippet:-1","max-image-preview":"max-image-preview:large","max-video-preview":"max-video-preview:-1"},"canonical":"https:\/\/www.immobiliare-neuf.fr\/blog\/nouscontacter\/","og_locale":"fr_FR","og_type":"article","og_title":"Contact Toulouse immobilier neuf","og_description":"Contact Toulouse immobilier neuf - Contactez le sp\u00e9cialiste de l'immobilier neuf sur Toulouse et sa r\u00e9gion","og_url":"https:\/\/www.immobiliare-neuf.fr\/blog\/nouscontacter\/","og_site_name":"Maisons et appartements neufs |Toulouse Immobilier neuf","article_publisher":"https:\/\/www.facebook.com\/pages\/Immobiliare-31\/188363961250077?ref_type=bookmark","article_modified_time":"2015-05-22T15:27:14+00:00","schema":{"@context":"https:\/\/schema.org","@graph":[{"@type":"WebSite","@id":"https:\/\/www.immobiliare-neuf.fr\/blog\/#website","url":"https:\/\/www.immobiliare-neuf.fr\/blog\/","name":"Maisons et appartements neufs |Toulouse Immobilier neuf","description":"Toute l&#039;actu de l&#039;immobilier neuf \u00e0 Toulouse !","potentialAction":[{"@type":"SearchAction","target":{"@type":"EntryPoint","urlTemplate":"https:\/\/www.immobiliare-neuf.fr\/blog\/?s={search_term_string}"},"query-input":"required name=search_term_string"}],"inLanguage":"fr-FR"},{"@type":"WebPage","@id":"https:\/\/www.immobiliare-neuf.fr\/blog\/nouscontacter\/#webpage","url":"https:\/\/www.immobiliare-neuf.fr\/blog\/nouscontacter\/","name":"Contact Toulouse immobilier neuf","isPartOf":{"@id":"https:\/\/www.immobiliare-neuf.fr\/blog\/#website"},"datePublished":"2014-03-27T16:46:29+00:00","dateModified":"2015-05-22T15:27:14+00:00","description":"Contact Toulouse immobilier neuf - Contactez le sp\u00e9cialiste de l'immobilier neuf sur Toulouse et sa r\u00e9gion","breadcrumb":{"@id":"https:\/\/www.immobiliare-neuf.fr\/blog\/nouscontacter\/#breadcrumb"},"inLanguage":"fr-FR","potentialAction":[{"@type":"ReadAction","target":["https:\/\/www.immobiliare-neuf.fr\/blog\/nouscontacter\/"]}]},{"@type":"BreadcrumbList","@id":"https:\/\/www.immobiliare-neuf.fr\/blog\/nouscontacter\/#breadcrumb","itemListElement":[{"@type":"ListItem","position":1,"name":"Accueil","item":"https:\/\/www.immobiliare-neuf.fr\/blog\/"},{"@type":"ListItem","position":2,"name":"Contact"}]}]}},"_links":{"self":[{"href":"http:\/\/www.immobiliare-neuf.fr\/blog\/wp-json\/wp\/v2\/pages\/10"}],"collection":[{"href":"http:\/\/www.immobiliare-neuf.fr\/blog\/wp-json\/wp\/v2\/pages"}],"about":[{"href":"http:\/\/www.immobiliare-neuf.fr\/blog\/wp-json\/wp\/v2\/types\/page"}],"author":[{"embeddable":true,"href":"http:\/\/www.immobiliare-neuf.fr\/blog\/wp-json\/wp\/v2\/users\/2"}],"replies":[{"embeddable":true,"href":"http:\/\/www.immobiliare-neuf.fr\/blog\/wp-json\/wp\/v2\/comments?post=10"}],"version-history":[{"count":1,"href":"http:\/\/www.immobiliare-neuf.fr\/blog\/wp-json\/wp\/v2\/pages\/10\/revisions"}],"predecessor-version":[{"id":2410,"href":"http:\/\/www.immobiliare-neuf.fr\/blog\/wp-json\/wp\/v2\/pages\/10\/revisions\/2410"}],"wp:attachment":[{"href":"http:\/\/www.immobiliare-neuf.fr\/blog\/wp-json\/wp\/v2\/media?parent=10"}],"curies":[{"name":"wp","href":"https:\/\/api.w.org\/{rel}","templated":true}]}}